{"id":8989,"date":"2024-03-26T19:19:51","date_gmt":"2024-03-26T18:19:51","guid":{"rendered":"https:\/\/autovago.it\/nom-de-lentreprise\/"},"modified":"2025-03-25T10:30:18","modified_gmt":"2025-03-25T09:30:18","slug":"nom-de-lentreprise","status":"publish","type":"page","link":"https:\/\/autovago.it\/fr\/nom-de-lentreprise\/","title":{"rendered":"Nom de l\u2019entreprise"},"content":{"rendered":"<section class=\"l-section wpb_row us_custom_dfe5982f us_animate_this height_auto width_full color_primary\"><div class=\"l-section-h i-cf\"><div class=\"g-cols vc_row via_grid cols_1 laptops-cols_inherit tablets-cols_inherit mobiles-cols_1 valign_top type_default stacking_default\"><div class=\"wpb_column vc_column_container\"><div class=\"vc_column-inner\">\n\t\t\t<!-- START Azienda FR REVOLUTION SLIDER 6.7.41 --><p class=\"rs-p-wp-fix\"><\/p>\n\t\t\t<rs-module-wrap id=\"rev_slider_4_1_wrapper\" data-source=\"gallery\" style=\"visibility:hidden;background:transparent;padding:0;margin:0px auto;margin-top:0;margin-bottom:0;\">\n\t\t\t\t<rs-module id=\"rev_slider_4_1\" style=\"\" data-version=\"6.7.41\">\n\t\t\t\t\t<rs-slides style=\"overflow: hidden; position: absolute;\">\n\t\t\t\t\t\t<rs-slide style=\"position: absolute;\" data-key=\"rs-9\" data-title=\"Slide\" data-in=\"o:0;row:400;\" data-out=\"a:false;\">\n\t\t\t\t\t\t\t<img decoding=\"async\" src=\"\/\/autovago.it\/wp-content\/plugins\/revslider\/sr6\/assets\/assets\/dummy.png\" alt=\"\" title=\"Slide home\" width=\"1920\" height=\"600\" class=\"rev-slidebg tp-rs-img rs-lazyload\" data-lazyload=\"\/\/autovago.it\/wp-content\/uploads\/2024\/03\/vago-azienda.jpg\" data-no-retina>\n<!--\n\t\t\t\t\t\t\t--><rs-layer\n\t\t\t\t\t\t\t\tid=\"slider-4-slide-9-layer-0\" \n\t\t\t\t\t\t\t\tdata-type=\"text\"\n\t\t\t\t\t\t\t\tdata-color=\"rgba(255, 255, 255, 0.57)\"\n\t\t\t\t\t\t\t\tdata-tsh=\"c:rgba(0,0,0,0.75);h:7px,3px,2px,1px;v:7px,3px,2px,1px;b:10px,5px,3px,1px;\"\n\t\t\t\t\t\t\t\tdata-rsp_ch=\"on\"\n\t\t\t\t\t\t\t\tdata-xy=\"x:c;y:m;\"\n\t\t\t\t\t\t\t\tdata-text=\"w:normal;s:80,91,86,74;l:90,104,99,84;ls:-4,-4,-4,-2;fw:800;a:center;\"\n\t\t\t\t\t\t\t\tdata-dim=\"minh:0px,none,none,none;\"\n\t\t\t\t\t\t\t\tdata-frame_0=\"x:0,0px,0px,0px;y:0,0px,0px,0px;sX:2;sY:2;\"\n\t\t\t\t\t\t\t\tdata-frame_0_mask=\"u:t;x:0,0px,0px,0px;y:0,0px,0px,0px;\"\n\t\t\t\t\t\t\t\tdata-frame_1=\"x:0,0px,0px,0px;y:0,0px,0px,0px;e:power2.out;st:1340;sp:1000;\"\n\t\t\t\t\t\t\t\tdata-frame_1_mask=\"u:t;x:0,0px,0px,0px;y:0,0px,0px,0px;\"\n\t\t\t\t\t\t\t\tdata-frame_999=\"o:0;st:w;sR:7360;\"\n\t\t\t\t\t\t\t\tstyle=\"z-index:8;font-family:'Poppins';\"\n\t\t\t\t\t\t\t>NOTRE ENTREPRISE \n\t\t\t\t\t\t\t<\/rs-layer><!--\n-->\t\t\t\t\t<\/rs-slide>\n\t\t\t\t\t<\/rs-slides>\n\t\t\t\t<\/rs-module>\n\t\t\t\t<script>\n\t\t\t\t\tsetREVStartSize({c: 'rev_slider_4_1',rl:[1240,1024,778,480],el:[600,768,960,720],gw:[1920,1024,778,480],gh:[600,768,960,720],type:'standard',justify:'',layout:'fullwidth',mh:\"0\"});if (window.RS_MODULES!==undefined && window.RS_MODULES.modules!==undefined && window.RS_MODULES.modules[\"revslider41\"]!==undefined) {window.RS_MODULES.modules[\"revslider41\"].once = false;window.revapi4 = undefined;if (window.RS_MODULES.checkMinimal!==undefined) window.RS_MODULES.checkMinimal()}\n\t\t\t\t<\/script>\n\t\t\t<\/rs-module-wrap>\n\t\t\t<!-- END REVOLUTION SLIDER -->\n<\/div><\/div><\/div><\/div><\/section><section class=\"l-section wpb_row us_custom_60e9caca us_animate_this height_medium\"><div class=\"l-section-h i-cf\"><div class=\"g-cols vc_row via_grid cols_2 laptops-cols_inherit tablets-cols_inherit mobiles-cols_1 valign_middle type_default stacking_default\" style=\"--columns-gap:0rem;\"><div class=\"wpb_column vc_column_container us_custom_22dba9c0 has_bg_color\"><div class=\"vc_column-inner\"><div class=\"wpb_text_column us_custom_fdd247c6 has_text_color\"><div class=\"wpb_wrapper\"><p>Vago\u2019, qualit\u00e9 et pr\u00e9cision<\/p>\n<\/div><\/div><div class=\"w-separator size_custom\" style=\"height:10px\"><\/div><div class=\"wpb_text_column us_custom_3cbf8422 has_text_color\"><div class=\"wpb_wrapper\"><p>Chaque achat que vous effectuez et chaque retour nous guide vers notre objectif\u00a0: vous offrir nos meilleurs services.<\/p>\n<\/div><\/div><div class=\"w-separator size_small\"><\/div><div class=\"wpb_text_column us_custom_6535c294 has_text_color\"><div class=\"wpb_wrapper\"><p>Vago\u2019, est une marque d\u00e9pos\u00e9e de la <a href=\"https:\/\/trindustrial.it\" target=\"_blank\" rel=\"noopener\">Tr Industrial<\/a>, forte de son exp\u00e9rience de 25 ans dans le secteur m\u00e9tallurgique et leader dans la production de carrosseries pour voitures sans permis.<\/p>\n<p>La profonde connaissance du march\u00e9 automobile et l\u2019utilisation des derni\u00e8res technologies garantissent des produits de haute qualit\u00e9, fiabilit\u00e9 et s\u00e9curit\u00e9.<\/p>\n<p>Notre entreprise est partenaire des principaux revendeurs du secteur leurs fournissant les pi\u00e8ces de haute gamme. La constante recherche et d\u00e9veloppement de nouveaux mat\u00e9riaux et process de production permettent \u00e0 Vago\u2019 d\u2019anticiper les tendances du march\u00e9 et offrir des solutions innovatives et personnalis\u00e9es. En choisissant Vago\u2019, vous choisissez la s\u00e9curit\u00e9, la fiabilit\u00e9 d\u2019un partenaire d\u2019exp\u00e9rience.<\/p>\n<\/div><\/div><div class=\"w-separator size_small\"><\/div><\/div><\/div><div class=\"wpb_column vc_column_container\"><div class=\"vc_column-overlay\" style=\"background:#F2F4F5\"><\/div><div class=\"vc_column-inner\"><div class=\"w-image align_none\"><div class=\"w-image-h\"><img decoding=\"async\" width=\"2000\" height=\"1333\" src=\"https:\/\/autovago.it\/wp-content\/uploads\/2024\/04\/Auto-Vago-azienda.jpg\" class=\"attachment-full size-full\" alt=\"\" loading=\"lazy\" srcset=\"https:\/\/autovago.it\/wp-content\/uploads\/2024\/04\/Auto-Vago-azienda.jpg 2000w, https:\/\/autovago.it\/wp-content\/uploads\/2024\/04\/Auto-Vago-azienda-300x200.jpg 300w, https:\/\/autovago.it\/wp-content\/uploads\/2024\/04\/Auto-Vago-azienda-1024x682.jpg 1024w, https:\/\/autovago.it\/wp-content\/uploads\/2024\/04\/Auto-Vago-azienda-1536x1024.jpg 1536w\" sizes=\"auto, (max-width: 2000px) 100vw, 2000px\" \/><\/div><\/div><\/div><\/div><\/div><\/div><\/section><section class=\"l-section wpb_row height_medium width_custom color_alternate with_shape\" style=\"--site-content-width:900px;\"><div class=\"l-section-shape type_custom pos_bottom\" style=\"height:50%;\"><svg xmlns=\"http:\/\/www.w3.org\/2000\/svg\" viewBox=\"0 0 64 8\" preserveAspectRatio=\"none\" width=\"100%\" height=\"100%\">\r\n\t<path fill=\"currentColor\" d=\"M64 8 L0 8 L0 0 L64 0 Z\"\/>\r\n<\/svg><\/div><div class=\"l-section-h i-cf\"><div class=\"g-cols vc_row via_grid cols_1 laptops-cols_inherit tablets-cols_inherit mobiles-cols_1 valign_middle type_default stacking_default\"><div class=\"wpb_column vc_column_container us_custom_5e688b22 has_text_color has_bg_color\"><div class=\"vc_column-inner\"><div class=\"wpb_text_column us_custom_9862b27b has_text_color\"><div class=\"wpb_wrapper\"><h2 style=\"text-align: center;\"><span style=\"color: #d2554a;\"><strong>Devenez revendeur!<\/strong><\/span><\/h2>\n<\/div><\/div><div class=\"wpb_text_column us_custom_867ab871 has_text_color\"><div class=\"wpb_wrapper\"><p style=\"text-align: center;\"><strong>Entrez \u00e0 faire partie de Vag\u00f2!<\/strong><\/p>\n<\/div><\/div><div class=\"w-separator size_small\"><\/div><div class=\"w-btn-wrapper align_center\"><a class=\"w-btn us-btn-style_1 us_custom_b4198c51\" href=\"\/fr\/devenir-revendeur\/\"><span class=\"w-btn-label\">Contactez-Nous<\/span><\/a><\/div><\/div><\/div><\/div><\/div><\/section><section class=\"l-section wpb_row us_custom_60e9caca us_animate_this height_medium color_footer-top\"><div class=\"l-section-h i-cf\"><div class=\"g-cols vc_row via_grid cols_1 laptops-cols_inherit tablets-cols_inherit mobiles-cols_1 valign_top type_default stacking_default\"><div class=\"wpb_column vc_column_container\"><div class=\"vc_column-inner\"><div class=\"wpb_text_column us_custom_eb849559\"><div class=\"wpb_wrapper\"><h2>Best Sellers<\/h2>\n<\/div><\/div><div class=\"w-separator size_small\"><\/div><div class=\"w-tabs layout_hor style_radio2 switch_click remove_indents\" style=\"--sections-title-size:1.3rem\" data-accordion-at-width=\"1024\"><div class=\"w-tabs-list items_4 align_center\" style=\"font-family:var(--h1-font-family);\"><div class=\"w-tabs-list-h\"><button class=\"w-tabs-item active\" aria-controls=\"content-ac57\" aria-expanded=\"false\"><span class=\"w-tabs-item-title\">Pare choc<\/span><\/button><button class=\"w-tabs-item\" aria-controls=\"content-xce2\" aria-expanded=\"false\"><span class=\"w-tabs-item-title\">Filtres \u00e0 air<\/span><\/button><button class=\"w-tabs-item\" aria-controls=\"content-wd5d\" aria-expanded=\"false\"><span class=\"w-tabs-item-title\">R\u00e9troviseurs<\/span><\/button><button class=\"w-tabs-item\" aria-controls=\"content-bde8\" aria-expanded=\"false\"><span class=\"w-tabs-item-title\">\u00c9clairage<\/span><\/button><\/div><\/div><div class=\"w-tabs-sections titles-align_none icon_chevron cpos_right\"><div class=\"w-tabs-section active\" id=\"ac57\"><button class=\"w-tabs-section-header active\" aria-controls=\"content-ac57\" aria-expanded=\"true\"><h4 class=\"w-tabs-section-title\">Pare choc<\/h4><div class=\"w-tabs-section-control\"><\/div><\/button><div  class=\"w-tabs-section-content\" id=\"content-ac57\"><div class=\"w-tabs-section-content-h i-cf\"><div class=\"g-cols wpb_row via_grid cols_2 laptops-cols_1 tablets-cols_inherit mobiles-cols_1 valign_middle type_default stacking_default\" style=\"--columns-gap:5vw;\"><div class=\"wpb_column vc_column_container\"><div class=\"vc_column-inner\"><div class=\"wpb_text_column us_custom_73cf4929\"><div class=\"wpb_wrapper\"><p>Nos pare-chocs sont r\u00e9alis\u00e9s avec des mat\u00e9riaux de haute qualit\u00e9 et r\u00e9sistante, pour garantir la maximum protection de votre vsp. Nous disposons d\u2019une gamme vari\u00e9e de mod\u00e8les.<\/p>\n<\/div><\/div><\/div><\/div><div class=\"wpb_column vc_column_container stretched\"><div class=\"vc_column-inner\"><div class=\"w-image style_shadow-1 align_none\"><div class=\"w-image-h\"><img decoding=\"async\" width=\"2000\" height=\"1335\" src=\"https:\/\/autovago.it\/wp-content\/uploads\/2024\/04\/Auto-Vago-Paraurti-1.jpg\" class=\"attachment-full size-full\" alt=\"\" loading=\"lazy\" srcset=\"https:\/\/autovago.it\/wp-content\/uploads\/2024\/04\/Auto-Vago-Paraurti-1.jpg 2000w, https:\/\/autovago.it\/wp-content\/uploads\/2024\/04\/Auto-Vago-Paraurti-1-300x200.jpg 300w, https:\/\/autovago.it\/wp-content\/uploads\/2024\/04\/Auto-Vago-Paraurti-1-1024x684.jpg 1024w, https:\/\/autovago.it\/wp-content\/uploads\/2024\/04\/Auto-Vago-Paraurti-1-1536x1025.jpg 1536w\" sizes=\"auto, (max-width: 2000px) 100vw, 2000px\" \/><\/div><\/div><\/div><\/div><\/div><\/div><\/div><\/div><div class=\"w-tabs-section\" id=\"xce2\"><button class=\"w-tabs-section-header\" aria-controls=\"content-xce2\" aria-expanded=\"false\"><h4 class=\"w-tabs-section-title\">Filtres \u00e0 air<\/h4><div class=\"w-tabs-section-control\"><\/div><\/button><div  class=\"w-tabs-section-content\" id=\"content-xce2\"><div class=\"w-tabs-section-content-h i-cf\"><div class=\"g-cols wpb_row via_grid cols_2 laptops-cols_1 tablets-cols_inherit mobiles-cols_1 valign_middle type_default stacking_default\" style=\"--columns-gap:5vw;\"><div class=\"wpb_column vc_column_container\"><div class=\"vc_column-inner\"><div class=\"wpb_text_column us_custom_73cf4929\"><div class=\"wpb_wrapper\"><p>Nos filtres \u00e0 air garantissent un air purifi\u00e9 \u00e0 l\u2019int\u00e9rieur de votre habitacle, am\u00e9liorent l\u2019efficacit\u00e9 de votre moteur et r\u00e9duisent la consommation de carburant. Ils sont faciles \u00e0 monter!<\/p>\n<\/div><\/div><\/div><\/div><div class=\"wpb_column vc_column_container stretched\"><div class=\"vc_column-inner\"><div class=\"w-image style_shadow-1 align_none\"><div class=\"w-image-h\"><img decoding=\"async\" width=\"2000\" height=\"1335\" src=\"https:\/\/autovago.it\/wp-content\/uploads\/2024\/04\/Auto-Vago-filtri.jpg\" class=\"attachment-full size-full\" alt=\"\" loading=\"lazy\" srcset=\"https:\/\/autovago.it\/wp-content\/uploads\/2024\/04\/Auto-Vago-filtri.jpg 2000w, https:\/\/autovago.it\/wp-content\/uploads\/2024\/04\/Auto-Vago-filtri-300x200.jpg 300w, https:\/\/autovago.it\/wp-content\/uploads\/2024\/04\/Auto-Vago-filtri-1024x684.jpg 1024w, https:\/\/autovago.it\/wp-content\/uploads\/2024\/04\/Auto-Vago-filtri-1536x1025.jpg 1536w\" sizes=\"auto, (max-width: 2000px) 100vw, 2000px\" \/><\/div><\/div><\/div><\/div><\/div><\/div><\/div><\/div><div class=\"w-tabs-section\" id=\"wd5d\"><button class=\"w-tabs-section-header\" aria-controls=\"content-wd5d\" aria-expanded=\"false\"><h4 class=\"w-tabs-section-title\">R\u00e9troviseurs<\/h4><div class=\"w-tabs-section-control\"><\/div><\/button><div  class=\"w-tabs-section-content\" id=\"content-wd5d\"><div class=\"w-tabs-section-content-h i-cf\"><div class=\"g-cols wpb_row via_grid cols_2 laptops-cols_1 tablets-cols_inherit mobiles-cols_1 valign_middle type_default stacking_default\" style=\"--columns-gap:5vw;\"><div class=\"wpb_column vc_column_container\"><div class=\"vc_column-inner\"><div class=\"wpb_text_column us_custom_73cf4929\"><div class=\"wpb_wrapper\"><p>Nos r\u00e9troviseurs vous offrent une large visibilit\u00e9 pour une majeure s\u00e9curit\u00e9 durant la conduite. Nous avons diff\u00e9rents mod\u00e8les qui peuvent s\u2019adapter \u00e0 vos n\u00e9cessit\u00e9s.<\/p>\n<\/div><\/div><\/div><\/div><div class=\"wpb_column vc_column_container stretched\"><div class=\"vc_column-inner\"><div class=\"w-image style_shadow-1 align_none\"><div class=\"w-image-h\"><img decoding=\"async\" width=\"2000\" height=\"1335\" src=\"https:\/\/autovago.it\/wp-content\/uploads\/2024\/04\/Auto-Vago-specchietti.jpg\" class=\"attachment-full size-full\" alt=\"\" loading=\"lazy\" srcset=\"https:\/\/autovago.it\/wp-content\/uploads\/2024\/04\/Auto-Vago-specchietti.jpg 2000w, https:\/\/autovago.it\/wp-content\/uploads\/2024\/04\/Auto-Vago-specchietti-300x200.jpg 300w, https:\/\/autovago.it\/wp-content\/uploads\/2024\/04\/Auto-Vago-specchietti-1024x684.jpg 1024w, https:\/\/autovago.it\/wp-content\/uploads\/2024\/04\/Auto-Vago-specchietti-1536x1025.jpg 1536w\" sizes=\"auto, (max-width: 2000px) 100vw, 2000px\" \/><\/div><\/div><\/div><\/div><\/div><\/div><\/div><\/div><div class=\"w-tabs-section\" id=\"bde8\"><button class=\"w-tabs-section-header\" aria-controls=\"content-bde8\" aria-expanded=\"false\"><h4 class=\"w-tabs-section-title\">\u00c9clairage<\/h4><div class=\"w-tabs-section-control\"><\/div><\/button><div  class=\"w-tabs-section-content\" id=\"content-bde8\"><div class=\"w-tabs-section-content-h i-cf\"><div class=\"g-cols wpb_row via_grid cols_2 laptops-cols_1 tablets-cols_inherit mobiles-cols_1 valign_middle type_default stacking_default\" style=\"--columns-gap:5vw;\"><div class=\"wpb_column vc_column_container\"><div class=\"vc_column-inner\"><div class=\"wpb_text_column us_custom_73cf4929\"><div class=\"wpb_wrapper\"><p>Nos phares avant et arri\u00e8res sont projet\u00e9s pour garantir une visibilit\u00e9 et s\u00e9curit\u00e9 optimale, de jour comme de nuit. Nous avons une vaste gamme de phares avant, phares arri\u00e8re, led et autres.<\/p>\n<\/div><\/div><\/div><\/div><div class=\"wpb_column vc_column_container stretched\"><div class=\"vc_column-inner\"><div class=\"w-image style_shadow-1 align_none\"><div class=\"w-image-h\"><img decoding=\"async\" width=\"2000\" height=\"1335\" src=\"https:\/\/autovago.it\/wp-content\/uploads\/2024\/04\/Auto-Vago-fanali-2.jpg\" class=\"attachment-full size-full\" alt=\"\" loading=\"lazy\" srcset=\"https:\/\/autovago.it\/wp-content\/uploads\/2024\/04\/Auto-Vago-fanali-2.jpg 2000w, https:\/\/autovago.it\/wp-content\/uploads\/2024\/04\/Auto-Vago-fanali-2-300x200.jpg 300w, https:\/\/autovago.it\/wp-content\/uploads\/2024\/04\/Auto-Vago-fanali-2-1024x684.jpg 1024w, https:\/\/autovago.it\/wp-content\/uploads\/2024\/04\/Auto-Vago-fanali-2-1536x1025.jpg 1536w\" sizes=\"auto, (max-width: 2000px) 100vw, 2000px\" \/><\/div><\/div><\/div><\/div><\/div><\/div><\/div><\/div><\/div><\/div><\/div><\/div><\/div><\/div><\/section>\n","protected":false},"excerpt":{"rendered":"NOTRE ENTREPRISE Vago\u2019, qualit\u00e9 et pr\u00e9cision Chaque achat que vous effectuez et chaque retour nous guide vers notre objectif\u00a0: vous offrir nos meilleurs services. Vago\u2019, est une marque d\u00e9pos\u00e9e de la Tr Industrial, forte de son exp\u00e9rience de 25 ans dans le secteur m\u00e9tallurgique et leader dans la production de carrosseries pour voitures sans permis....","protected":false},"author":1,"featured_media":9000,"parent":0,"menu_order":0,"comment_status":"closed","ping_status":"closed","template":"","meta":{"content-type":"","iawp_total_views":59,"footnotes":""},"class_list":["post-8989","page","type-page","status-publish","has-post-thumbnail","hentry"],"yoast_head":"<!-- This site is optimized with the Yoast SEO plugin v27.2 - https:\/\/yoast.com\/product\/yoast-seo-wordpress\/ -->\n<title>Nom de l\u2019entreprise - Vag\u00f2<\/title>\n<meta name=\"robots\" content=\"index, follow, max-snippet:-1, max-image-preview:large, max-video-preview:-1\" \/>\n<link rel=\"canonical\" href=\"https:\/\/autovago.it\/fr\/nom-de-lentreprise\/\" \/>\n<meta property=\"og:locale\" content=\"fr_FR\" \/>\n<meta property=\"og:type\" content=\"article\" \/>\n<meta property=\"og:title\" content=\"Nom de l\u2019entreprise - Vag\u00f2\" \/>\n<meta property=\"og:url\" content=\"https:\/\/autovago.it\/fr\/nom-de-lentreprise\/\" \/>\n<meta property=\"og:site_name\" content=\"Vag\u00f2\" \/>\n<meta property=\"article:modified_time\" content=\"2025-03-25T09:30:18+00:00\" \/>\n<meta property=\"og:image\" content=\"https:\/\/autovago.it\/wp-content\/uploads\/2024\/04\/Auto-Vago-azienda.jpg\" \/>\n\t<meta property=\"og:image:width\" content=\"2000\" \/>\n\t<meta property=\"og:image:height\" content=\"1333\" \/>\n\t<meta property=\"og:image:type\" content=\"image\/jpeg\" \/>\n<meta name=\"twitter:card\" content=\"summary_large_image\" \/>\n<meta name=\"twitter:label1\" content=\"Dur\u00e9e de lecture estim\u00e9e\" \/>\n\t<meta name=\"twitter:data1\" content=\"3 minutes\" \/>\n<script type=\"application\/ld+json\" class=\"yoast-schema-graph\">{\"@context\":\"https:\/\/schema.org\",\"@graph\":[{\"@type\":\"WebPage\",\"@id\":\"https:\/\/autovago.it\/fr\/nom-de-lentreprise\/\",\"url\":\"https:\/\/autovago.it\/fr\/nom-de-lentreprise\/\",\"name\":\"Nom de l\u2019entreprise - Vag\u00f2\",\"isPartOf\":{\"@id\":\"https:\/\/autovago.it\/#website\"},\"primaryImageOfPage\":{\"@id\":\"https:\/\/autovago.it\/fr\/nom-de-lentreprise\/#primaryimage\"},\"image\":{\"@id\":\"https:\/\/autovago.it\/fr\/nom-de-lentreprise\/#primaryimage\"},\"thumbnailUrl\":\"https:\/\/autovago.it\/wp-content\/uploads\/2024\/04\/Auto-Vago-azienda.jpg\",\"datePublished\":\"2024-03-26T18:19:51+00:00\",\"dateModified\":\"2025-03-25T09:30:18+00:00\",\"breadcrumb\":{\"@id\":\"https:\/\/autovago.it\/fr\/nom-de-lentreprise\/#breadcrumb\"},\"inLanguage\":\"fr-FR\",\"potentialAction\":[{\"@type\":\"ReadAction\",\"target\":[\"https:\/\/autovago.it\/fr\/nom-de-lentreprise\/\"]}]},{\"@type\":\"ImageObject\",\"inLanguage\":\"fr-FR\",\"@id\":\"https:\/\/autovago.it\/fr\/nom-de-lentreprise\/#primaryimage\",\"url\":\"https:\/\/autovago.it\/wp-content\/uploads\/2024\/04\/Auto-Vago-azienda.jpg\",\"contentUrl\":\"https:\/\/autovago.it\/wp-content\/uploads\/2024\/04\/Auto-Vago-azienda.jpg\",\"width\":2000,\"height\":1333},{\"@type\":\"BreadcrumbList\",\"@id\":\"https:\/\/autovago.it\/fr\/nom-de-lentreprise\/#breadcrumb\",\"itemListElement\":[{\"@type\":\"ListItem\",\"position\":1,\"name\":\"Home\",\"item\":\"https:\/\/autovago.it\/fr\/\"},{\"@type\":\"ListItem\",\"position\":2,\"name\":\"Nom de l\u2019entreprise\"}]},{\"@type\":\"WebSite\",\"@id\":\"https:\/\/autovago.it\/#website\",\"url\":\"https:\/\/autovago.it\/\",\"name\":\"Vag\u00f2 - Auto Parts Expert\",\"description\":\"Auto Parts Expert\",\"publisher\":{\"@id\":\"https:\/\/autovago.it\/#organization\"},\"potentialAction\":[{\"@type\":\"SearchAction\",\"target\":{\"@type\":\"EntryPoint\",\"urlTemplate\":\"https:\/\/autovago.it\/?s={search_term_string}\"},\"query-input\":{\"@type\":\"PropertyValueSpecification\",\"valueRequired\":true,\"valueName\":\"search_term_string\"}}],\"inLanguage\":\"fr-FR\"},{\"@type\":\"Organization\",\"@id\":\"https:\/\/autovago.it\/#organization\",\"name\":\"Vag\u00f2\",\"url\":\"https:\/\/autovago.it\/\",\"logo\":{\"@type\":\"ImageObject\",\"inLanguage\":\"fr-FR\",\"@id\":\"https:\/\/autovago.it\/#\/schema\/logo\/image\/\",\"url\":\"https:\/\/autovago.it\/wp-content\/uploads\/2024\/03\/auto-Vago-logo.png\",\"contentUrl\":\"https:\/\/autovago.it\/wp-content\/uploads\/2024\/03\/auto-Vago-logo.png\",\"width\":3000,\"height\":1513,\"caption\":\"Vag\u00f2\"},\"image\":{\"@id\":\"https:\/\/autovago.it\/#\/schema\/logo\/image\/\"}}]}<\/script>\n<!-- \/ Yoast SEO plugin. -->","yoast_head_json":{"title":"Nom de l\u2019entreprise - Vag\u00f2","robots":{"index":"index","follow":"follow","max-snippet":"max-snippet:-1","max-image-preview":"max-image-preview:large","max-video-preview":"max-video-preview:-1"},"canonical":"https:\/\/autovago.it\/fr\/nom-de-lentreprise\/","og_locale":"fr_FR","og_type":"article","og_title":"Nom de l\u2019entreprise - Vag\u00f2","og_url":"https:\/\/autovago.it\/fr\/nom-de-lentreprise\/","og_site_name":"Vag\u00f2","article_modified_time":"2025-03-25T09:30:18+00:00","og_image":[{"width":2000,"height":1333,"url":"https:\/\/autovago.it\/wp-content\/uploads\/2024\/04\/Auto-Vago-azienda.jpg","type":"image\/jpeg"}],"twitter_card":"summary_large_image","twitter_misc":{"Dur\u00e9e de lecture estim\u00e9e":"3 minutes"},"schema":{"@context":"https:\/\/schema.org","@graph":[{"@type":"WebPage","@id":"https:\/\/autovago.it\/fr\/nom-de-lentreprise\/","url":"https:\/\/autovago.it\/fr\/nom-de-lentreprise\/","name":"Nom de l\u2019entreprise - Vag\u00f2","isPartOf":{"@id":"https:\/\/autovago.it\/#website"},"primaryImageOfPage":{"@id":"https:\/\/autovago.it\/fr\/nom-de-lentreprise\/#primaryimage"},"image":{"@id":"https:\/\/autovago.it\/fr\/nom-de-lentreprise\/#primaryimage"},"thumbnailUrl":"https:\/\/autovago.it\/wp-content\/uploads\/2024\/04\/Auto-Vago-azienda.jpg","datePublished":"2024-03-26T18:19:51+00:00","dateModified":"2025-03-25T09:30:18+00:00","breadcrumb":{"@id":"https:\/\/autovago.it\/fr\/nom-de-lentreprise\/#breadcrumb"},"inLanguage":"fr-FR","potentialAction":[{"@type":"ReadAction","target":["https:\/\/autovago.it\/fr\/nom-de-lentreprise\/"]}]},{"@type":"ImageObject","inLanguage":"fr-FR","@id":"https:\/\/autovago.it\/fr\/nom-de-lentreprise\/#primaryimage","url":"https:\/\/autovago.it\/wp-content\/uploads\/2024\/04\/Auto-Vago-azienda.jpg","contentUrl":"https:\/\/autovago.it\/wp-content\/uploads\/2024\/04\/Auto-Vago-azienda.jpg","width":2000,"height":1333},{"@type":"BreadcrumbList","@id":"https:\/\/autovago.it\/fr\/nom-de-lentreprise\/#breadcrumb","itemListElement":[{"@type":"ListItem","position":1,"name":"Home","item":"https:\/\/autovago.it\/fr\/"},{"@type":"ListItem","position":2,"name":"Nom de l\u2019entreprise"}]},{"@type":"WebSite","@id":"https:\/\/autovago.it\/#website","url":"https:\/\/autovago.it\/","name":"Vag\u00f2 - Auto Parts Expert","description":"Auto Parts Expert","publisher":{"@id":"https:\/\/autovago.it\/#organization"},"potentialAction":[{"@type":"SearchAction","target":{"@type":"EntryPoint","urlTemplate":"https:\/\/autovago.it\/?s={search_term_string}"},"query-input":{"@type":"PropertyValueSpecification","valueRequired":true,"valueName":"search_term_string"}}],"inLanguage":"fr-FR"},{"@type":"Organization","@id":"https:\/\/autovago.it\/#organization","name":"Vag\u00f2","url":"https:\/\/autovago.it\/","logo":{"@type":"ImageObject","inLanguage":"fr-FR","@id":"https:\/\/autovago.it\/#\/schema\/logo\/image\/","url":"https:\/\/autovago.it\/wp-content\/uploads\/2024\/03\/auto-Vago-logo.png","contentUrl":"https:\/\/autovago.it\/wp-content\/uploads\/2024\/03\/auto-Vago-logo.png","width":3000,"height":1513,"caption":"Vag\u00f2"},"image":{"@id":"https:\/\/autovago.it\/#\/schema\/logo\/image\/"}}]}},"_links":{"self":[{"href":"https:\/\/autovago.it\/fr\/wp-json\/wp\/v2\/pages\/8989","targetHints":{"allow":["GET"]}}],"collection":[{"href":"https:\/\/autovago.it\/fr\/wp-json\/wp\/v2\/pages"}],"about":[{"href":"https:\/\/autovago.it\/fr\/wp-json\/wp\/v2\/types\/page"}],"author":[{"embeddable":true,"href":"https:\/\/autovago.it\/fr\/wp-json\/wp\/v2\/users\/1"}],"replies":[{"embeddable":true,"href":"https:\/\/autovago.it\/fr\/wp-json\/wp\/v2\/comments?post=8989"}],"version-history":[{"count":7,"href":"https:\/\/autovago.it\/fr\/wp-json\/wp\/v2\/pages\/8989\/revisions"}],"predecessor-version":[{"id":9519,"href":"https:\/\/autovago.it\/fr\/wp-json\/wp\/v2\/pages\/8989\/revisions\/9519"}],"wp:featuredmedia":[{"embeddable":true,"href":"https:\/\/autovago.it\/fr\/wp-json\/wp\/v2\/media\/9000"}],"wp:attachment":[{"href":"https:\/\/autovago.it\/fr\/wp-json\/wp\/v2\/media?parent=8989"}],"curies":[{"name":"wp","href":"https:\/\/api.w.org\/{rel}","templated":true}]}}