{"id":9858,"date":"2025-09-04T18:21:14","date_gmt":"2025-09-04T16:21:14","guid":{"rendered":"https:\/\/autovago.it\/ricambi-ami\/"},"modified":"2025-09-09T08:29:03","modified_gmt":"2025-09-09T06:29:03","slug":"recambios-ami","status":"publish","type":"page","link":"https:\/\/autovago.it\/es\/recambios-ami\/","title":{"rendered":"Recambios AM\u00cd"},"content":{"rendered":"<section class=\"l-section wpb_row us_custom_dfe5982f us_animate_this height_auto width_full color_primary\"><div class=\"l-section-h i-cf\"><div class=\"g-cols vc_row via_grid cols_1 laptops-cols_inherit tablets-cols_inherit mobiles-cols_1 valign_top type_default stacking_default\"><div class=\"wpb_column vc_column_container\"><div class=\"vc_column-inner\">\n\t\t\t<!-- START Ricambi AMI ES REVOLUTION SLIDER 6.7.41 --><p class=\"rs-p-wp-fix\"><\/p>\n\t\t\t<rs-module-wrap id=\"rev_slider_10_1_wrapper\" data-source=\"gallery\" style=\"visibility:hidden;background:transparent;padding:0;margin:0px auto;margin-top:0;margin-bottom:0;\">\n\t\t\t\t<rs-module id=\"rev_slider_10_1\" style=\"\" data-version=\"6.7.41\">\n\t\t\t\t\t<rs-slides style=\"overflow: hidden; position: absolute;\">\n\t\t\t\t\t\t<rs-slide style=\"position: absolute;\" data-key=\"rs-15\" data-title=\"Slide\" data-in=\"o:0;row:400;\" data-out=\"a:false;\">\n\t\t\t\t\t\t\t<img decoding=\"async\" src=\"\/\/autovago.it\/wp-content\/plugins\/revslider\/sr6\/assets\/assets\/dummy.png\" alt=\"\" title=\"Slide home\" width=\"1920\" height=\"600\" class=\"rev-slidebg tp-rs-img rs-lazyload\" data-lazyload=\"\/\/autovago.it\/wp-content\/uploads\/2025\/09\/vago-Ricambi-Citroen-AMI-1.jpg\" data-no-retina>\n<!--\n\t\t\t\t\t\t\t--><rs-layer\n\t\t\t\t\t\t\t\tid=\"slider-10-slide-15-layer-0\" \n\t\t\t\t\t\t\t\tdata-type=\"text\"\n\t\t\t\t\t\t\t\tdata-color=\"rgba(255, 255, 255, 0.57)\"\n\t\t\t\t\t\t\t\tdata-tsh=\"c:rgba(0,0,0,0.75);h:7px,3px,2px,1px;v:7px,3px,2px,1px;b:10px,5px,3px,1px;\"\n\t\t\t\t\t\t\t\tdata-rsp_ch=\"on\"\n\t\t\t\t\t\t\t\tdata-xy=\"x:c;y:m;\"\n\t\t\t\t\t\t\t\tdata-text=\"w:normal;s:80,91,86,53;l:90,104,99,60;ls:-4,-4,-4,-1;fw:800;a:center;\"\n\t\t\t\t\t\t\t\tdata-dim=\"minh:0px,none,none,none;\"\n\t\t\t\t\t\t\t\tdata-frame_0=\"x:0,0px,0px,0px;y:0,0px,0px,0px;sX:2;sY:2;\"\n\t\t\t\t\t\t\t\tdata-frame_0_mask=\"u:t;x:0,0px,0px,0px;y:0,0px,0px,0px;\"\n\t\t\t\t\t\t\t\tdata-frame_1=\"x:0,0px,0px,0px;y:0,0px,0px,0px;e:power2.out;st:1340;sp:1000;\"\n\t\t\t\t\t\t\t\tdata-frame_1_mask=\"u:t;x:0,0px,0px,0px;y:0,0px,0px,0px;\"\n\t\t\t\t\t\t\t\tdata-frame_999=\"o:0;st:w;sR:7360;\"\n\t\t\t\t\t\t\t\tstyle=\"z-index:8;font-family:'Poppins';\"\n\t\t\t\t\t\t\t>RECAMBIOS AM\u00cd  \n\t\t\t\t\t\t\t<\/rs-layer><!--\n-->\t\t\t\t\t<\/rs-slide>\n\t\t\t\t\t<\/rs-slides>\n\t\t\t\t<\/rs-module>\n\t\t\t\t<script>\n\t\t\t\t\tsetREVStartSize({c: 'rev_slider_10_1',rl:[1240,1024,778,480],el:[600,768,960,720],gw:[1920,1024,778,480],gh:[600,768,960,720],type:'standard',justify:'',layout:'fullwidth',mh:\"0\"});if (window.RS_MODULES!==undefined && window.RS_MODULES.modules!==undefined && window.RS_MODULES.modules[\"revslider101\"]!==undefined) {window.RS_MODULES.modules[\"revslider101\"].once = false;window.revapi10 = undefined;if (window.RS_MODULES.checkMinimal!==undefined) window.RS_MODULES.checkMinimal()}\n\t\t\t\t<\/script>\n\t\t\t<\/rs-module-wrap>\n\t\t\t<!-- END REVOLUTION SLIDER -->\n<\/div><\/div><\/div><\/div><\/section><section class=\"l-section wpb_row us_custom_60e9caca us_animate_this height_medium\"><div class=\"l-section-h i-cf\"><div class=\"g-cols vc_row via_grid cols_2 laptops-cols_inherit tablets-cols_inherit mobiles-cols_1 valign_middle type_default stacking_default\" style=\"--columns-gap:0rem;\"><div class=\"wpb_column vc_column_container us_custom_22dba9c0 has_bg_color\"><div class=\"vc_column-inner\"><div class=\"wpb_text_column us_custom_fdd247c6 has_text_color\"><div class=\"wpb_wrapper\"><p>Recambios AM\u00cd<\/p>\n<\/div><\/div><div class=\"w-separator size_custom\" style=\"height:10px\"><\/div><div class=\"wpb_text_column us_custom_3cbf8422 has_text_color\"><div class=\"wpb_wrapper\"><p>Nuevas referencias en el cat\u00e0logo<\/p>\n<\/div><\/div><div class=\"w-separator size_small\"><\/div><div class=\"wpb_text_column us_custom_ab4bea86 has_text_color\"><div class=\"wpb_wrapper\"><p>AM\u00cd es un microcoche el\u00e9ctrico e innovador, cada vez m\u00e1s presente en nuestras ciudades.<br \/>\nPara responder a la creciente demanda, Vag\u00f3 ha ampliado su cat\u00e1logo con nuevos c\u00f3digos de repuestos dedicados a este modelo.<\/p>\n<p><strong>Recambios AM\u00cd siempre disponibles<\/strong><br \/>\nCon los nuevos c\u00f3digos de repuestos para AM\u00cd disponibles en Vag\u00f2, los profesionales del sector pueden contar con:<\/p>\n<ul>\n<li>Calidad y fiabilidad, con componentes seleccionados y probados.<\/li>\n<li>Disponibilidad inmediata, para minimizar los tiempos de espera.<\/li>\n<li>Entregas r\u00e1pidas en toda Europa.<\/li>\n<li>Soporte t\u00e9cnico especializado, para ayudarte a elegir los repuestos adecuados.<\/li>\n<\/ul>\n<\/div><\/div><div class=\"w-separator size_small\"><\/div><\/div><\/div><div class=\"wpb_column vc_column_container\"><div class=\"vc_column-overlay\" style=\"background:#F2F4F5\"><\/div><div class=\"vc_column-inner\"><div class=\"w-image align_none\"><div class=\"w-image-h\"><img decoding=\"async\" width=\"2000\" height=\"1333\" src=\"https:\/\/autovago.it\/wp-content\/uploads\/2025\/09\/vago-Ricambi-Citroen-AMI-4.jpg\" class=\"attachment-full size-full\" alt=\"\" loading=\"lazy\" srcset=\"https:\/\/autovago.it\/wp-content\/uploads\/2025\/09\/vago-Ricambi-Citroen-AMI-4.jpg 2000w, https:\/\/autovago.it\/wp-content\/uploads\/2025\/09\/vago-Ricambi-Citroen-AMI-4-300x200.jpg 300w, https:\/\/autovago.it\/wp-content\/uploads\/2025\/09\/vago-Ricambi-Citroen-AMI-4-1024x682.jpg 1024w, https:\/\/autovago.it\/wp-content\/uploads\/2025\/09\/vago-Ricambi-Citroen-AMI-4-1536x1024.jpg 1536w\" sizes=\"auto, (max-width: 2000px) 100vw, 2000px\" \/><\/div><\/div><\/div><\/div><\/div><\/div><\/section><section class=\"l-section wpb_row height_medium color_alternate with_shape\"><div class=\"l-section-shape type_custom pos_bottom\" style=\"height:50%;\"><svg xmlns=\"http:\/\/www.w3.org\/2000\/svg\" viewBox=\"0 0 64 8\" preserveAspectRatio=\"none\" width=\"100%\" height=\"100%\">\r\n\t<path fill=\"currentColor\" d=\"M64 8 L0 8 L0 0 L64 0 Z\"\/>\r\n<\/svg><\/div><div class=\"l-section-h i-cf\"><div class=\"g-cols vc_row via_grid cols_1 laptops-cols_inherit tablets-cols_inherit mobiles-cols_1 valign_middle type_default stacking_default\"><div class=\"wpb_column vc_column_container\"><div class=\"vc_column-inner\"><div class=\"wpb_text_column us_custom_7d520364\"><div class=\"wpb_wrapper\"><div style=\"width: 1440px;\" class=\"wp-video\"><video class=\"wp-video-shortcode\" id=\"video-9858-1\" width=\"1440\" height=\"612\" poster=\"https:\/\/autovago.it\/wp-content\/uploads\/2025\/09\/vago-Ricambi-Citroen-AMI-10.jpg\" preload=\"metadata\" controls=\"controls\"><source type=\"video\/mp4\" src=\"https:\/\/autovago.it\/wp-content\/uploads\/2025\/09\/vago-ricambi-citroen-ami-1.mp4?_=1\" \/><a href=\"https:\/\/autovago.it\/wp-content\/uploads\/2025\/09\/vago-ricambi-citroen-ami-1.mp4\">https:\/\/autovago.it\/wp-content\/uploads\/2025\/09\/vago-ricambi-citroen-ami-1.mp4<\/a><\/video><\/div>\n<\/div><\/div><\/div><\/div><\/div><\/div><\/section><section class=\"l-section wpb_row us_custom_60e9caca us_animate_this height_medium\"><div class=\"l-section-overlay\" style=\"background:#f2f4f5\"><\/div><div class=\"l-section-h i-cf\"><div class=\"g-cols vc_row via_grid cols_2-3 laptops-cols_inherit tablets-cols_1 mobiles-cols_1 valign_middle type_default stacking_default\" style=\"--columns-gap:5vw;\"><div class=\"wpb_column vc_column_container\"><div class=\"vc_column-inner\"><div class=\"w-image style_shadow-1 align_none\"><div class=\"w-image-h\"><img decoding=\"async\" width=\"689\" height=\"884\" src=\"https:\/\/autovago.it\/wp-content\/uploads\/2025\/09\/vago-Ricambi-Citroen-AMI-7.jpg\" class=\"attachment-full size-full\" alt=\"\" loading=\"lazy\" srcset=\"https:\/\/autovago.it\/wp-content\/uploads\/2025\/09\/vago-Ricambi-Citroen-AMI-7.jpg 689w, https:\/\/autovago.it\/wp-content\/uploads\/2025\/09\/vago-Ricambi-Citroen-AMI-7-234x300.jpg 234w\" sizes=\"auto, (max-width: 689px) 100vw, 689px\" \/><\/div><\/div><\/div><\/div><div class=\"wpb_column vc_column_container\"><div class=\"vc_column-inner\"><h3 class=\"w-text us_custom_9532b815 has_text_color\"><span class=\"w-text-h\"><span class=\"w-text-value\">Por qu\u00e9 elegir Vag\u00f2 para los recambios AM\u00cd<\/span><\/span><\/h3><div class=\"w-separator size_small\"><\/div><div class=\"wpb_text_column\"><div class=\"wpb_wrapper\"><p>Durante a\u00f1os hemos sido un referente en el sector de recambios para microcoches. Con la introducci\u00f3n de las nuevas referencias dedicadas a AM\u00cd, ponemos a tu disposici\u00f3n una oferta a\u00fan m\u00e1s completa, pensada para los profesionales del sector. Nuestro objetivo es sencillo: ofrecerte siempre la soluci\u00f3n correcta en tiempos r\u00e1pidos, con la garant\u00eda de la experiencia de Vag\u00f2.<\/p>\n<\/div><\/div><div class=\"w-separator size_medium\"><\/div><h3 class=\"w-text us_custom_4f563c18 has_text_color\"><span class=\"w-text-h\"><span class=\"w-text-value\">Cont\u00e1ctanos para los nuevos c\u00f3digos AM\u00cd<\/span><\/span><\/h3><div class=\"w-separator size_small\"><\/div><div class=\"wpb_text_column\"><div class=\"wpb_wrapper\"><p>\u00bfQuieres descubrir la lista completa de los nuevos c\u00f3digos de repuestos o verificar su disponibilidad?<br \/>\n<a href=\"https:\/\/autovago.it\/es\/conviertete-en-revendedor\/\">Contacta<\/a> r\u00e1pidamente con el equipo de Vag\u00f2: te ofreceremos toda la informaci\u00f3n que necesites y el soporte t\u00e9cnico para gestionar cada solicitud de la mejor manera.<\/p>\n<\/div><\/div><\/div><\/div><\/div><\/div><\/section>\n","protected":false},"excerpt":{"rendered":"RECAMBIOS AM\u00cd Recambios AM\u00cd Nuevas referencias en el cat\u00e0logo AM\u00cd es un microcoche el\u00e9ctrico e innovador, cada vez m\u00e1s presente en nuestras ciudades. Para responder a la creciente demanda, Vag\u00f3 ha ampliado su cat\u00e1logo con nuevos c\u00f3digos de repuestos dedicados a este modelo. Recambios AM\u00cd siempre disponibles Con los nuevos c\u00f3digos de repuestos para AM\u00cd...","protected":false},"author":1,"featured_media":9775,"parent":0,"menu_order":0,"comment_status":"closed","ping_status":"closed","template":"","meta":{"content-type":"","iawp_total_views":10,"footnotes":""},"class_list":["post-9858","page","type-page","status-publish","has-post-thumbnail","hentry"],"yoast_head":"<!-- This site is optimized with the Yoast SEO plugin v27.2 - https:\/\/yoast.com\/product\/yoast-seo-wordpress\/ -->\n<title>Recambios AM\u00cc disponibles | Nuevas referencias en Vag\u00f2<\/title>\n<meta name=\"description\" content=\"Descubre los nuevos recambios para AM\u00cc en Vag\u00f2: componentes fiables, disponibles de inmediato, con entregas r\u00e1pidas en toda Europa y soporte t\u00e9cnico especializado.\" \/>\n<meta name=\"robots\" content=\"index, follow, max-snippet:-1, max-image-preview:large, max-video-preview:-1\" \/>\n<link rel=\"canonical\" href=\"https:\/\/autovago.it\/es\/recambios-ami\/\" \/>\n<meta property=\"og:locale\" content=\"es_ES\" \/>\n<meta property=\"og:type\" content=\"article\" \/>\n<meta property=\"og:title\" content=\"Recambios AM\u00cc disponibles | Nuevas referencias en Vag\u00f2\" \/>\n<meta property=\"og:description\" content=\"Descubre los nuevos recambios para AM\u00cc en Vag\u00f2: componentes fiables, disponibles de inmediato, con entregas r\u00e1pidas en toda Europa y soporte t\u00e9cnico especializado.\" \/>\n<meta property=\"og:url\" content=\"https:\/\/autovago.it\/es\/recambios-ami\/\" \/>\n<meta property=\"og:site_name\" content=\"Vag\u00f2\" \/>\n<meta property=\"article:modified_time\" content=\"2025-09-09T06:29:03+00:00\" \/>\n<meta property=\"og:image\" content=\"https:\/\/autovago.it\/wp-content\/uploads\/2025\/09\/vago-Ricambi-Citroen-AMI-4.jpg\" \/>\n\t<meta property=\"og:image:width\" content=\"2000\" \/>\n\t<meta property=\"og:image:height\" content=\"1333\" \/>\n\t<meta property=\"og:image:type\" content=\"image\/jpeg\" \/>\n<meta name=\"twitter:card\" content=\"summary_large_image\" \/>\n<meta name=\"twitter:label1\" content=\"Tiempo de lectura\" \/>\n\t<meta name=\"twitter:data1\" content=\"2 minutos\" \/>\n<script type=\"application\/ld+json\" class=\"yoast-schema-graph\">{\"@context\":\"https:\/\/schema.org\",\"@graph\":[{\"@type\":\"WebPage\",\"@id\":\"https:\/\/autovago.it\/es\/recambios-ami\/\",\"url\":\"https:\/\/autovago.it\/es\/recambios-ami\/\",\"name\":\"Recambios AM\u00cc disponibles | Nuevas referencias en Vag\u00f2\",\"isPartOf\":{\"@id\":\"https:\/\/autovago.it\/#website\"},\"primaryImageOfPage\":{\"@id\":\"https:\/\/autovago.it\/es\/recambios-ami\/#primaryimage\"},\"image\":{\"@id\":\"https:\/\/autovago.it\/es\/recambios-ami\/#primaryimage\"},\"thumbnailUrl\":\"https:\/\/autovago.it\/wp-content\/uploads\/2025\/09\/vago-Ricambi-Citroen-AMI-4.jpg\",\"datePublished\":\"2025-09-04T16:21:14+00:00\",\"dateModified\":\"2025-09-09T06:29:03+00:00\",\"description\":\"Descubre los nuevos recambios para AM\u00cc en Vag\u00f2: componentes fiables, disponibles de inmediato, con entregas r\u00e1pidas en toda Europa y soporte t\u00e9cnico especializado.\",\"breadcrumb\":{\"@id\":\"https:\/\/autovago.it\/es\/recambios-ami\/#breadcrumb\"},\"inLanguage\":\"es\",\"potentialAction\":[{\"@type\":\"ReadAction\",\"target\":[\"https:\/\/autovago.it\/es\/recambios-ami\/\"]}]},{\"@type\":\"ImageObject\",\"inLanguage\":\"es\",\"@id\":\"https:\/\/autovago.it\/es\/recambios-ami\/#primaryimage\",\"url\":\"https:\/\/autovago.it\/wp-content\/uploads\/2025\/09\/vago-Ricambi-Citroen-AMI-4.jpg\",\"contentUrl\":\"https:\/\/autovago.it\/wp-content\/uploads\/2025\/09\/vago-Ricambi-Citroen-AMI-4.jpg\",\"width\":2000,\"height\":1333},{\"@type\":\"BreadcrumbList\",\"@id\":\"https:\/\/autovago.it\/es\/recambios-ami\/#breadcrumb\",\"itemListElement\":[{\"@type\":\"ListItem\",\"position\":1,\"name\":\"Home\",\"item\":\"https:\/\/autovago.it\/es\/\"},{\"@type\":\"ListItem\",\"position\":2,\"name\":\"Recambios AM\u00cd\"}]},{\"@type\":\"WebSite\",\"@id\":\"https:\/\/autovago.it\/#website\",\"url\":\"https:\/\/autovago.it\/\",\"name\":\"Vag\u00f2 - Auto Parts Expert\",\"description\":\"Auto Parts Expert\",\"publisher\":{\"@id\":\"https:\/\/autovago.it\/#organization\"},\"potentialAction\":[{\"@type\":\"SearchAction\",\"target\":{\"@type\":\"EntryPoint\",\"urlTemplate\":\"https:\/\/autovago.it\/?s={search_term_string}\"},\"query-input\":{\"@type\":\"PropertyValueSpecification\",\"valueRequired\":true,\"valueName\":\"search_term_string\"}}],\"inLanguage\":\"es\"},{\"@type\":\"Organization\",\"@id\":\"https:\/\/autovago.it\/#organization\",\"name\":\"Vag\u00f2\",\"url\":\"https:\/\/autovago.it\/\",\"logo\":{\"@type\":\"ImageObject\",\"inLanguage\":\"es\",\"@id\":\"https:\/\/autovago.it\/#\/schema\/logo\/image\/\",\"url\":\"https:\/\/autovago.it\/wp-content\/uploads\/2024\/03\/auto-Vago-logo.png\",\"contentUrl\":\"https:\/\/autovago.it\/wp-content\/uploads\/2024\/03\/auto-Vago-logo.png\",\"width\":3000,\"height\":1513,\"caption\":\"Vag\u00f2\"},\"image\":{\"@id\":\"https:\/\/autovago.it\/#\/schema\/logo\/image\/\"}}]}<\/script>\n<!-- \/ Yoast SEO plugin. -->","yoast_head_json":{"title":"Recambios AM\u00cc disponibles | Nuevas referencias en Vag\u00f2","description":"Descubre los nuevos recambios para AM\u00cc en Vag\u00f2: componentes fiables, disponibles de inmediato, con entregas r\u00e1pidas en toda Europa y soporte t\u00e9cnico especializado.","robots":{"index":"index","follow":"follow","max-snippet":"max-snippet:-1","max-image-preview":"max-image-preview:large","max-video-preview":"max-video-preview:-1"},"canonical":"https:\/\/autovago.it\/es\/recambios-ami\/","og_locale":"es_ES","og_type":"article","og_title":"Recambios AM\u00cc disponibles | Nuevas referencias en Vag\u00f2","og_description":"Descubre los nuevos recambios para AM\u00cc en Vag\u00f2: componentes fiables, disponibles de inmediato, con entregas r\u00e1pidas en toda Europa y soporte t\u00e9cnico especializado.","og_url":"https:\/\/autovago.it\/es\/recambios-ami\/","og_site_name":"Vag\u00f2","article_modified_time":"2025-09-09T06:29:03+00:00","og_image":[{"width":2000,"height":1333,"url":"https:\/\/autovago.it\/wp-content\/uploads\/2025\/09\/vago-Ricambi-Citroen-AMI-4.jpg","type":"image\/jpeg"}],"twitter_card":"summary_large_image","twitter_misc":{"Tiempo de lectura":"2 minutos"},"schema":{"@context":"https:\/\/schema.org","@graph":[{"@type":"WebPage","@id":"https:\/\/autovago.it\/es\/recambios-ami\/","url":"https:\/\/autovago.it\/es\/recambios-ami\/","name":"Recambios AM\u00cc disponibles | Nuevas referencias en Vag\u00f2","isPartOf":{"@id":"https:\/\/autovago.it\/#website"},"primaryImageOfPage":{"@id":"https:\/\/autovago.it\/es\/recambios-ami\/#primaryimage"},"image":{"@id":"https:\/\/autovago.it\/es\/recambios-ami\/#primaryimage"},"thumbnailUrl":"https:\/\/autovago.it\/wp-content\/uploads\/2025\/09\/vago-Ricambi-Citroen-AMI-4.jpg","datePublished":"2025-09-04T16:21:14+00:00","dateModified":"2025-09-09T06:29:03+00:00","description":"Descubre los nuevos recambios para AM\u00cc en Vag\u00f2: componentes fiables, disponibles de inmediato, con entregas r\u00e1pidas en toda Europa y soporte t\u00e9cnico especializado.","breadcrumb":{"@id":"https:\/\/autovago.it\/es\/recambios-ami\/#breadcrumb"},"inLanguage":"es","potentialAction":[{"@type":"ReadAction","target":["https:\/\/autovago.it\/es\/recambios-ami\/"]}]},{"@type":"ImageObject","inLanguage":"es","@id":"https:\/\/autovago.it\/es\/recambios-ami\/#primaryimage","url":"https:\/\/autovago.it\/wp-content\/uploads\/2025\/09\/vago-Ricambi-Citroen-AMI-4.jpg","contentUrl":"https:\/\/autovago.it\/wp-content\/uploads\/2025\/09\/vago-Ricambi-Citroen-AMI-4.jpg","width":2000,"height":1333},{"@type":"BreadcrumbList","@id":"https:\/\/autovago.it\/es\/recambios-ami\/#breadcrumb","itemListElement":[{"@type":"ListItem","position":1,"name":"Home","item":"https:\/\/autovago.it\/es\/"},{"@type":"ListItem","position":2,"name":"Recambios AM\u00cd"}]},{"@type":"WebSite","@id":"https:\/\/autovago.it\/#website","url":"https:\/\/autovago.it\/","name":"Vag\u00f2 - Auto Parts Expert","description":"Auto Parts Expert","publisher":{"@id":"https:\/\/autovago.it\/#organization"},"potentialAction":[{"@type":"SearchAction","target":{"@type":"EntryPoint","urlTemplate":"https:\/\/autovago.it\/?s={search_term_string}"},"query-input":{"@type":"PropertyValueSpecification","valueRequired":true,"valueName":"search_term_string"}}],"inLanguage":"es"},{"@type":"Organization","@id":"https:\/\/autovago.it\/#organization","name":"Vag\u00f2","url":"https:\/\/autovago.it\/","logo":{"@type":"ImageObject","inLanguage":"es","@id":"https:\/\/autovago.it\/#\/schema\/logo\/image\/","url":"https:\/\/autovago.it\/wp-content\/uploads\/2024\/03\/auto-Vago-logo.png","contentUrl":"https:\/\/autovago.it\/wp-content\/uploads\/2024\/03\/auto-Vago-logo.png","width":3000,"height":1513,"caption":"Vag\u00f2"},"image":{"@id":"https:\/\/autovago.it\/#\/schema\/logo\/image\/"}}]}},"_links":{"self":[{"href":"https:\/\/autovago.it\/es\/wp-json\/wp\/v2\/pages\/9858","targetHints":{"allow":["GET"]}}],"collection":[{"href":"https:\/\/autovago.it\/es\/wp-json\/wp\/v2\/pages"}],"about":[{"href":"https:\/\/autovago.it\/es\/wp-json\/wp\/v2\/types\/page"}],"author":[{"embeddable":true,"href":"https:\/\/autovago.it\/es\/wp-json\/wp\/v2\/users\/1"}],"replies":[{"embeddable":true,"href":"https:\/\/autovago.it\/es\/wp-json\/wp\/v2\/comments?post=9858"}],"version-history":[{"count":7,"href":"https:\/\/autovago.it\/es\/wp-json\/wp\/v2\/pages\/9858\/revisions"}],"predecessor-version":[{"id":9872,"href":"https:\/\/autovago.it\/es\/wp-json\/wp\/v2\/pages\/9858\/revisions\/9872"}],"wp:featuredmedia":[{"embeddable":true,"href":"https:\/\/autovago.it\/es\/wp-json\/wp\/v2\/media\/9775"}],"wp:attachment":[{"href":"https:\/\/autovago.it\/es\/wp-json\/wp\/v2\/media?parent=9858"}],"curies":[{"name":"wp","href":"https:\/\/api.w.org\/{rel}","templated":true}]}}