{"id":9052,"date":"2024-03-26T19:19:51","date_gmt":"2024-03-26T18:19:51","guid":{"rendered":"https:\/\/autovago.it\/impresa\/"},"modified":"2025-03-25T10:33:20","modified_gmt":"2025-03-25T09:33:20","slug":"impresa","status":"publish","type":"page","link":"https:\/\/autovago.it\/es\/impresa\/","title":{"rendered":"Impresa"},"content":{"rendered":"<section class=\"l-section wpb_row us_custom_dfe5982f us_animate_this height_auto width_full color_primary\"><div class=\"l-section-h i-cf\"><div class=\"g-cols vc_row via_grid cols_1 laptops-cols_inherit tablets-cols_inherit mobiles-cols_1 valign_top type_default stacking_default\"><div class=\"wpb_column vc_column_container\"><div class=\"vc_column-inner\">\n\t\t\t<!-- START Azienda ES REVOLUTION SLIDER 6.7.41 --><p class=\"rs-p-wp-fix\"><\/p>\n\t\t\t<rs-module-wrap id=\"rev_slider_5_1_wrapper\" data-source=\"gallery\" style=\"visibility:hidden;background:transparent;padding:0;margin:0px auto;margin-top:0;margin-bottom:0;\">\n\t\t\t\t<rs-module id=\"rev_slider_5_1\" style=\"\" data-version=\"6.7.41\">\n\t\t\t\t\t<rs-slides style=\"overflow: hidden; position: absolute;\">\n\t\t\t\t\t\t<rs-slide style=\"position: absolute;\" data-key=\"rs-10\" data-title=\"Slide\" data-in=\"o:0;row:400;\" data-out=\"a:false;\">\n\t\t\t\t\t\t\t<img decoding=\"async\" src=\"\/\/autovago.it\/wp-content\/plugins\/revslider\/sr6\/assets\/assets\/dummy.png\" alt=\"\" title=\"Slide home\" width=\"1920\" height=\"600\" class=\"rev-slidebg tp-rs-img rs-lazyload\" data-lazyload=\"\/\/autovago.it\/wp-content\/uploads\/2024\/03\/vago-azienda.jpg\" data-no-retina>\n<!--\n\t\t\t\t\t\t\t--><rs-layer\n\t\t\t\t\t\t\t\tid=\"slider-5-slide-10-layer-0\" \n\t\t\t\t\t\t\t\tdata-type=\"text\"\n\t\t\t\t\t\t\t\tdata-color=\"rgba(255, 255, 255, 0.57)\"\n\t\t\t\t\t\t\t\tdata-tsh=\"c:rgba(0,0,0,0.75);h:7px,3px,2px,1px;v:7px,3px,2px,1px;b:10px,5px,3px,1px;\"\n\t\t\t\t\t\t\t\tdata-rsp_ch=\"on\"\n\t\t\t\t\t\t\t\tdata-xy=\"x:c;y:m;\"\n\t\t\t\t\t\t\t\tdata-text=\"w:normal;s:80,91,86,74;l:90,104,99,84;ls:-4,-4,-4,-2;fw:800;a:center;\"\n\t\t\t\t\t\t\t\tdata-dim=\"minh:0px,none,none,none;\"\n\t\t\t\t\t\t\t\tdata-frame_0=\"x:0,0px,0px,0px;y:0,0px,0px,0px;sX:2;sY:2;\"\n\t\t\t\t\t\t\t\tdata-frame_0_mask=\"u:t;x:0,0px,0px,0px;y:0,0px,0px,0px;\"\n\t\t\t\t\t\t\t\tdata-frame_1=\"x:0,0px,0px,0px;y:0,0px,0px,0px;e:power2.out;st:1340;sp:1000;\"\n\t\t\t\t\t\t\t\tdata-frame_1_mask=\"u:t;x:0,0px,0px,0px;y:0,0px,0px,0px;\"\n\t\t\t\t\t\t\t\tdata-frame_999=\"o:0;st:w;sR:7360;\"\n\t\t\t\t\t\t\t\tstyle=\"z-index:8;font-family:'Poppins';\"\n\t\t\t\t\t\t\t>IMPRESA \n\t\t\t\t\t\t\t<\/rs-layer><!--\n-->\t\t\t\t\t<\/rs-slide>\n\t\t\t\t\t<\/rs-slides>\n\t\t\t\t<\/rs-module>\n\t\t\t\t<script>\n\t\t\t\t\tsetREVStartSize({c: 'rev_slider_5_1',rl:[1240,1024,778,480],el:[600,768,960,720],gw:[1920,1024,778,480],gh:[600,768,960,720],type:'standard',justify:'',layout:'fullwidth',mh:\"0\"});if (window.RS_MODULES!==undefined && window.RS_MODULES.modules!==undefined && window.RS_MODULES.modules[\"revslider51\"]!==undefined) {window.RS_MODULES.modules[\"revslider51\"].once = false;window.revapi5 = undefined;if (window.RS_MODULES.checkMinimal!==undefined) window.RS_MODULES.checkMinimal()}\n\t\t\t\t<\/script>\n\t\t\t<\/rs-module-wrap>\n\t\t\t<!-- END REVOLUTION SLIDER -->\n<\/div><\/div><\/div><\/div><\/section><section class=\"l-section wpb_row us_custom_60e9caca us_animate_this height_medium\"><div class=\"l-section-h i-cf\"><div class=\"g-cols vc_row via_grid cols_2 laptops-cols_inherit tablets-cols_inherit mobiles-cols_1 valign_middle type_default stacking_default\" style=\"--columns-gap:0rem;\"><div class=\"wpb_column vc_column_container us_custom_22dba9c0 has_bg_color\"><div class=\"vc_column-inner\"><div class=\"wpb_text_column us_custom_fdd247c6 has_text_color\"><div class=\"wpb_wrapper\"><p>Vago\u2019, calidad y precisi\u00f3n<\/p>\n<\/div><\/div><div class=\"w-separator size_custom\" style=\"height:10px\"><\/div><div class=\"wpb_text_column us_custom_3cbf8422 has_text_color\"><div class=\"wpb_wrapper\"><p>Cada una de tus compras y tus devoluciones nos gu\u00edan hacia nuestro objetivo: brindarte nuestro mejor servicio.<\/p>\n<\/div><\/div><div class=\"w-separator size_small\"><\/div><div class=\"wpb_text_column us_custom_6535c294 has_text_color\"><div class=\"wpb_wrapper\"><p>Vago\u2019, es una marca registrada de <a href=\"https:\/\/trindustrial.it\" target=\"_blank\" rel=\"noopener\">Tr Industrial<\/a>, con 25 a\u00f1os de experiencia en el sector metal\u00fargico y l\u00edder en la producci\u00f3n de carrocer\u00edas para coches sin carnet.<\/p>\n<p>El profundo conocimiento del mercado de la automoci\u00f3n y el uso de las \u00faltimas tecnolog\u00edas garantizan productos de alta calidad, fiabilidad y seguridad.<\/p>\n<p>Nuestra empresa es colaboradora de los principales revendedores del sector proporcion\u00e1ndoles repuestos de alta gama. La constante investigaci\u00f3n y desarrollo de nuevos materiales y procesos de producci\u00f3n permiten a Vago&#8217; anticiparse a las tendencias del mercado y ofrecer soluciones innovadoras y personalizadas. Al elegir Vago\u2019, elige la seguridad y confiabilidad de un socio experimentado.<\/p>\n<\/div><\/div><div class=\"w-separator size_small\"><\/div><\/div><\/div><div class=\"wpb_column vc_column_container\"><div class=\"vc_column-overlay\" style=\"background:#F2F4F5\"><\/div><div class=\"vc_column-inner\"><div class=\"w-image align_none\"><div class=\"w-image-h\"><img decoding=\"async\" width=\"2000\" height=\"1333\" src=\"https:\/\/autovago.it\/wp-content\/uploads\/2024\/04\/Auto-Vago-azienda.jpg\" class=\"attachment-full size-full\" alt=\"\" loading=\"lazy\" srcset=\"https:\/\/autovago.it\/wp-content\/uploads\/2024\/04\/Auto-Vago-azienda.jpg 2000w, https:\/\/autovago.it\/wp-content\/uploads\/2024\/04\/Auto-Vago-azienda-300x200.jpg 300w, https:\/\/autovago.it\/wp-content\/uploads\/2024\/04\/Auto-Vago-azienda-1024x682.jpg 1024w, https:\/\/autovago.it\/wp-content\/uploads\/2024\/04\/Auto-Vago-azienda-1536x1024.jpg 1536w\" sizes=\"auto, (max-width: 2000px) 100vw, 2000px\" \/><\/div><\/div><\/div><\/div><\/div><\/div><\/section><section class=\"l-section wpb_row height_medium width_custom color_alternate with_shape\" style=\"--site-content-width:900px;\"><div class=\"l-section-shape type_custom pos_bottom\" style=\"height:50%;\"><svg xmlns=\"http:\/\/www.w3.org\/2000\/svg\" viewBox=\"0 0 64 8\" preserveAspectRatio=\"none\" width=\"100%\" height=\"100%\">\r\n\t<path fill=\"currentColor\" d=\"M64 8 L0 8 L0 0 L64 0 Z\"\/>\r\n<\/svg><\/div><div class=\"l-section-h i-cf\"><div class=\"g-cols vc_row via_grid cols_1 laptops-cols_inherit tablets-cols_inherit mobiles-cols_1 valign_middle type_default stacking_default\"><div class=\"wpb_column vc_column_container us_custom_5e688b22 has_text_color has_bg_color\"><div class=\"vc_column-inner\"><div class=\"wpb_text_column us_custom_9862b27b has_text_color\"><div class=\"wpb_wrapper\"><h2 style=\"text-align: center;\"><span style=\"color: #d2554a;\"><strong>\u00a1Convi\u00e9rtete en revendedor!<\/strong><\/span><\/h2>\n<\/div><\/div><div class=\"wpb_text_column us_custom_867ab871 has_text_color\"><div class=\"wpb_wrapper\"><p style=\"text-align: center;\"><strong>\u00a1Ven a ser parte de Vag\u00f2!<\/strong><\/p>\n<\/div><\/div><div class=\"w-separator size_small\"><\/div><div class=\"w-btn-wrapper align_center\"><a class=\"w-btn us-btn-style_1 us_custom_b4198c51\" href=\"\/es\/conviertete-en-revendedor\/\"><span class=\"w-btn-label\">\u00a1VEN A SER PARTE DE VAGO\u2019!<\/span><\/a><\/div><\/div><\/div><\/div><\/div><\/section><section class=\"l-section wpb_row us_custom_60e9caca us_animate_this height_medium color_footer-top\"><div class=\"l-section-h i-cf\"><div class=\"g-cols vc_row via_grid cols_1 laptops-cols_inherit tablets-cols_inherit mobiles-cols_1 valign_top type_default stacking_default\"><div class=\"wpb_column vc_column_container\"><div class=\"vc_column-inner\"><div class=\"wpb_text_column us_custom_eb849559\"><div class=\"wpb_wrapper\"><h2>Best Sellers<\/h2>\n<\/div><\/div><div class=\"w-separator size_small\"><\/div><div class=\"w-tabs layout_hor style_radio2 switch_click remove_indents\" style=\"--sections-title-size:1.3rem\" data-accordion-at-width=\"1024\"><div class=\"w-tabs-list items_4 align_center\" style=\"font-family:var(--h1-font-family);\"><div class=\"w-tabs-list-h\"><button class=\"w-tabs-item active\" aria-controls=\"content-cfd5\" aria-expanded=\"false\"><span class=\"w-tabs-item-title\">Parachoques<\/span><\/button><button class=\"w-tabs-item\" aria-controls=\"content-s194\" aria-expanded=\"false\"><span class=\"w-tabs-item-title\">Filtros de aire<\/span><\/button><button class=\"w-tabs-item\" aria-controls=\"content-c2e9\" aria-expanded=\"false\"><span class=\"w-tabs-item-title\">Espejo retrovisor<\/span><\/button><button class=\"w-tabs-item\" aria-controls=\"content-t1fa\" aria-expanded=\"false\"><span class=\"w-tabs-item-title\">Iluminaci\u00f2n<\/span><\/button><\/div><\/div><div class=\"w-tabs-sections titles-align_none icon_chevron cpos_right\"><div class=\"w-tabs-section active\" id=\"cfd5\"><button class=\"w-tabs-section-header active\" aria-controls=\"content-cfd5\" aria-expanded=\"true\"><h4 class=\"w-tabs-section-title\">Parachoques<\/h4><div class=\"w-tabs-section-control\"><\/div><\/button><div  class=\"w-tabs-section-content\" id=\"content-cfd5\"><div class=\"w-tabs-section-content-h i-cf\"><div class=\"g-cols wpb_row via_grid cols_2 laptops-cols_1 tablets-cols_inherit mobiles-cols_1 valign_middle type_default stacking_default\" style=\"--columns-gap:5vw;\"><div class=\"wpb_column vc_column_container\"><div class=\"vc_column-inner\"><div class=\"wpb_text_column us_custom_73cf4929\"><div class=\"wpb_wrapper\"><p>Nuestros parachoques est\u00e1n fabricados con materiales resistentes y de alta calidad, para garantizar la m\u00e1xima protecci\u00f3n para tu coche. Disponemos de una variada gama de modelos.<\/p>\n<\/div><\/div><\/div><\/div><div class=\"wpb_column vc_column_container stretched\"><div class=\"vc_column-inner\"><div class=\"w-image style_shadow-1 align_none\"><div class=\"w-image-h\"><img decoding=\"async\" width=\"2000\" height=\"1335\" src=\"https:\/\/autovago.it\/wp-content\/uploads\/2024\/04\/Auto-Vago-Paraurti-1.jpg\" class=\"attachment-full size-full\" alt=\"\" loading=\"lazy\" srcset=\"https:\/\/autovago.it\/wp-content\/uploads\/2024\/04\/Auto-Vago-Paraurti-1.jpg 2000w, https:\/\/autovago.it\/wp-content\/uploads\/2024\/04\/Auto-Vago-Paraurti-1-300x200.jpg 300w, https:\/\/autovago.it\/wp-content\/uploads\/2024\/04\/Auto-Vago-Paraurti-1-1024x684.jpg 1024w, https:\/\/autovago.it\/wp-content\/uploads\/2024\/04\/Auto-Vago-Paraurti-1-1536x1025.jpg 1536w\" sizes=\"auto, (max-width: 2000px) 100vw, 2000px\" \/><\/div><\/div><\/div><\/div><\/div><\/div><\/div><\/div><div class=\"w-tabs-section\" id=\"s194\"><button class=\"w-tabs-section-header\" aria-controls=\"content-s194\" aria-expanded=\"false\"><h4 class=\"w-tabs-section-title\">Filtros de aire<\/h4><div class=\"w-tabs-section-control\"><\/div><\/button><div  class=\"w-tabs-section-content\" id=\"content-s194\"><div class=\"w-tabs-section-content-h i-cf\"><div class=\"g-cols wpb_row via_grid cols_2 laptops-cols_1 tablets-cols_inherit mobiles-cols_1 valign_middle type_default stacking_default\" style=\"--columns-gap:5vw;\"><div class=\"wpb_column vc_column_container\"><div class=\"vc_column-inner\"><div class=\"wpb_text_column us_custom_73cf4929\"><div class=\"wpb_wrapper\"><p>Nuestros filtros de aire garantizan aire purificado dentro de su cabina, mejoran la eficiencia de su motor y reducen el consumo de combustible. Son f\u00e1ciles de montar.<\/p>\n<\/div><\/div><\/div><\/div><div class=\"wpb_column vc_column_container stretched\"><div class=\"vc_column-inner\"><div class=\"w-image style_shadow-1 align_none\"><div class=\"w-image-h\"><img decoding=\"async\" width=\"2000\" height=\"1335\" src=\"https:\/\/autovago.it\/wp-content\/uploads\/2024\/04\/Auto-Vago-filtri.jpg\" class=\"attachment-full size-full\" alt=\"\" loading=\"lazy\" srcset=\"https:\/\/autovago.it\/wp-content\/uploads\/2024\/04\/Auto-Vago-filtri.jpg 2000w, https:\/\/autovago.it\/wp-content\/uploads\/2024\/04\/Auto-Vago-filtri-300x200.jpg 300w, https:\/\/autovago.it\/wp-content\/uploads\/2024\/04\/Auto-Vago-filtri-1024x684.jpg 1024w, https:\/\/autovago.it\/wp-content\/uploads\/2024\/04\/Auto-Vago-filtri-1536x1025.jpg 1536w\" sizes=\"auto, (max-width: 2000px) 100vw, 2000px\" \/><\/div><\/div><\/div><\/div><\/div><\/div><\/div><\/div><div class=\"w-tabs-section\" id=\"c2e9\"><button class=\"w-tabs-section-header\" aria-controls=\"content-c2e9\" aria-expanded=\"false\"><h4 class=\"w-tabs-section-title\">Espejo retrovisor<\/h4><div class=\"w-tabs-section-control\"><\/div><\/button><div  class=\"w-tabs-section-content\" id=\"content-c2e9\"><div class=\"w-tabs-section-content-h i-cf\"><div class=\"g-cols wpb_row via_grid cols_2 laptops-cols_1 tablets-cols_inherit mobiles-cols_1 valign_middle type_default stacking_default\" style=\"--columns-gap:5vw;\"><div class=\"wpb_column vc_column_container\"><div class=\"vc_column-inner\"><div class=\"wpb_text_column us_custom_73cf4929\"><div class=\"wpb_wrapper\"><p>Nuestros espejos te ofrecen una amplia visibilidad para una mayor seguridad mientras conduces. Disponemos de diferentes modelos que se pueden adaptar a tus necesidades.<\/p>\n<\/div><\/div><\/div><\/div><div class=\"wpb_column vc_column_container stretched\"><div class=\"vc_column-inner\"><div class=\"w-image style_shadow-1 align_none\"><div class=\"w-image-h\"><img decoding=\"async\" width=\"2000\" height=\"1335\" src=\"https:\/\/autovago.it\/wp-content\/uploads\/2024\/04\/Auto-Vago-specchietti.jpg\" class=\"attachment-full size-full\" alt=\"\" loading=\"lazy\" srcset=\"https:\/\/autovago.it\/wp-content\/uploads\/2024\/04\/Auto-Vago-specchietti.jpg 2000w, https:\/\/autovago.it\/wp-content\/uploads\/2024\/04\/Auto-Vago-specchietti-300x200.jpg 300w, https:\/\/autovago.it\/wp-content\/uploads\/2024\/04\/Auto-Vago-specchietti-1024x684.jpg 1024w, https:\/\/autovago.it\/wp-content\/uploads\/2024\/04\/Auto-Vago-specchietti-1536x1025.jpg 1536w\" sizes=\"auto, (max-width: 2000px) 100vw, 2000px\" \/><\/div><\/div><\/div><\/div><\/div><\/div><\/div><\/div><div class=\"w-tabs-section\" id=\"t1fa\"><button class=\"w-tabs-section-header\" aria-controls=\"content-t1fa\" aria-expanded=\"false\"><h4 class=\"w-tabs-section-title\">Iluminaci\u00f2n<\/h4><div class=\"w-tabs-section-control\"><\/div><\/button><div  class=\"w-tabs-section-content\" id=\"content-t1fa\"><div class=\"w-tabs-section-content-h i-cf\"><div class=\"g-cols wpb_row via_grid cols_2 laptops-cols_1 tablets-cols_inherit mobiles-cols_1 valign_middle type_default stacking_default\" style=\"--columns-gap:5vw;\"><div class=\"wpb_column vc_column_container\"><div class=\"vc_column-inner\"><div class=\"wpb_text_column us_custom_73cf4929\"><div class=\"wpb_wrapper\"><p>Nuestros faros delanteros y traseros est\u00e1n dise\u00f1ados para garantizar una visibilidad y seguridad \u00f3ptimas, de d\u00eda y de noche. Disponemos de una amplia gama de faros delanteros, faros traseros, LED y otros.<\/p>\n<\/div><\/div><\/div><\/div><div class=\"wpb_column vc_column_container stretched\"><div class=\"vc_column-inner\"><div class=\"w-image style_shadow-1 align_none\"><div class=\"w-image-h\"><img decoding=\"async\" width=\"2000\" height=\"1335\" src=\"https:\/\/autovago.it\/wp-content\/uploads\/2024\/04\/Auto-Vago-fanali-2.jpg\" class=\"attachment-full size-full\" alt=\"\" loading=\"lazy\" srcset=\"https:\/\/autovago.it\/wp-content\/uploads\/2024\/04\/Auto-Vago-fanali-2.jpg 2000w, https:\/\/autovago.it\/wp-content\/uploads\/2024\/04\/Auto-Vago-fanali-2-300x200.jpg 300w, https:\/\/autovago.it\/wp-content\/uploads\/2024\/04\/Auto-Vago-fanali-2-1024x684.jpg 1024w, https:\/\/autovago.it\/wp-content\/uploads\/2024\/04\/Auto-Vago-fanali-2-1536x1025.jpg 1536w\" sizes=\"auto, (max-width: 2000px) 100vw, 2000px\" \/><\/div><\/div><\/div><\/div><\/div><\/div><\/div><\/div><\/div><\/div><\/div><\/div><\/div><\/div><\/section>\n","protected":false},"excerpt":{"rendered":"IMPRESA Vago\u2019, calidad y precisi\u00f3n Cada una de tus compras y tus devoluciones nos gu\u00edan hacia nuestro objetivo: brindarte nuestro mejor servicio. Vago\u2019, es una marca registrada de Tr Industrial, con 25 a\u00f1os de experiencia en el sector metal\u00fargico y l\u00edder en la producci\u00f3n de carrocer\u00edas para coches sin carnet. El profundo conocimiento del mercado...","protected":false},"author":1,"featured_media":9063,"parent":0,"menu_order":0,"comment_status":"closed","ping_status":"closed","template":"","meta":{"content-type":"","iawp_total_views":19,"footnotes":""},"class_list":["post-9052","page","type-page","status-publish","has-post-thumbnail","hentry"],"yoast_head":"<!-- This site is optimized with the Yoast SEO plugin v27.2 - https:\/\/yoast.com\/product\/yoast-seo-wordpress\/ -->\n<title>Impresa - Vag\u00f2<\/title>\n<meta name=\"robots\" content=\"index, follow, max-snippet:-1, max-image-preview:large, max-video-preview:-1\" \/>\n<link rel=\"canonical\" href=\"https:\/\/autovago.it\/es\/impresa\/\" \/>\n<meta property=\"og:locale\" content=\"es_ES\" \/>\n<meta property=\"og:type\" content=\"article\" \/>\n<meta property=\"og:title\" content=\"Impresa - Vag\u00f2\" \/>\n<meta property=\"og:url\" content=\"https:\/\/autovago.it\/es\/impresa\/\" \/>\n<meta property=\"og:site_name\" content=\"Vag\u00f2\" \/>\n<meta property=\"article:modified_time\" content=\"2025-03-25T09:33:20+00:00\" \/>\n<meta property=\"og:image\" content=\"https:\/\/autovago.it\/wp-content\/uploads\/2024\/04\/Auto-Vago-azienda.jpg\" \/>\n\t<meta property=\"og:image:width\" content=\"2000\" \/>\n\t<meta property=\"og:image:height\" content=\"1333\" \/>\n\t<meta property=\"og:image:type\" content=\"image\/jpeg\" \/>\n<meta name=\"twitter:card\" content=\"summary_large_image\" \/>\n<meta name=\"twitter:label1\" content=\"Tiempo de lectura\" \/>\n\t<meta name=\"twitter:data1\" content=\"3 minutos\" \/>\n<script type=\"application\/ld+json\" class=\"yoast-schema-graph\">{\"@context\":\"https:\/\/schema.org\",\"@graph\":[{\"@type\":\"WebPage\",\"@id\":\"https:\/\/autovago.it\/es\/impresa\/\",\"url\":\"https:\/\/autovago.it\/es\/impresa\/\",\"name\":\"Impresa - Vag\u00f2\",\"isPartOf\":{\"@id\":\"https:\/\/autovago.it\/#website\"},\"primaryImageOfPage\":{\"@id\":\"https:\/\/autovago.it\/es\/impresa\/#primaryimage\"},\"image\":{\"@id\":\"https:\/\/autovago.it\/es\/impresa\/#primaryimage\"},\"thumbnailUrl\":\"https:\/\/autovago.it\/wp-content\/uploads\/2024\/04\/Auto-Vago-azienda.jpg\",\"datePublished\":\"2024-03-26T18:19:51+00:00\",\"dateModified\":\"2025-03-25T09:33:20+00:00\",\"breadcrumb\":{\"@id\":\"https:\/\/autovago.it\/es\/impresa\/#breadcrumb\"},\"inLanguage\":\"es\",\"potentialAction\":[{\"@type\":\"ReadAction\",\"target\":[\"https:\/\/autovago.it\/es\/impresa\/\"]}]},{\"@type\":\"ImageObject\",\"inLanguage\":\"es\",\"@id\":\"https:\/\/autovago.it\/es\/impresa\/#primaryimage\",\"url\":\"https:\/\/autovago.it\/wp-content\/uploads\/2024\/04\/Auto-Vago-azienda.jpg\",\"contentUrl\":\"https:\/\/autovago.it\/wp-content\/uploads\/2024\/04\/Auto-Vago-azienda.jpg\",\"width\":2000,\"height\":1333},{\"@type\":\"BreadcrumbList\",\"@id\":\"https:\/\/autovago.it\/es\/impresa\/#breadcrumb\",\"itemListElement\":[{\"@type\":\"ListItem\",\"position\":1,\"name\":\"Home\",\"item\":\"https:\/\/autovago.it\/es\/\"},{\"@type\":\"ListItem\",\"position\":2,\"name\":\"Impresa\"}]},{\"@type\":\"WebSite\",\"@id\":\"https:\/\/autovago.it\/#website\",\"url\":\"https:\/\/autovago.it\/\",\"name\":\"Vag\u00f2 - Auto Parts Expert\",\"description\":\"Auto Parts Expert\",\"publisher\":{\"@id\":\"https:\/\/autovago.it\/#organization\"},\"potentialAction\":[{\"@type\":\"SearchAction\",\"target\":{\"@type\":\"EntryPoint\",\"urlTemplate\":\"https:\/\/autovago.it\/?s={search_term_string}\"},\"query-input\":{\"@type\":\"PropertyValueSpecification\",\"valueRequired\":true,\"valueName\":\"search_term_string\"}}],\"inLanguage\":\"es\"},{\"@type\":\"Organization\",\"@id\":\"https:\/\/autovago.it\/#organization\",\"name\":\"Vag\u00f2\",\"url\":\"https:\/\/autovago.it\/\",\"logo\":{\"@type\":\"ImageObject\",\"inLanguage\":\"es\",\"@id\":\"https:\/\/autovago.it\/#\/schema\/logo\/image\/\",\"url\":\"https:\/\/autovago.it\/wp-content\/uploads\/2024\/03\/auto-Vago-logo.png\",\"contentUrl\":\"https:\/\/autovago.it\/wp-content\/uploads\/2024\/03\/auto-Vago-logo.png\",\"width\":3000,\"height\":1513,\"caption\":\"Vag\u00f2\"},\"image\":{\"@id\":\"https:\/\/autovago.it\/#\/schema\/logo\/image\/\"}}]}<\/script>\n<!-- \/ Yoast SEO plugin. -->","yoast_head_json":{"title":"Impresa - Vag\u00f2","robots":{"index":"index","follow":"follow","max-snippet":"max-snippet:-1","max-image-preview":"max-image-preview:large","max-video-preview":"max-video-preview:-1"},"canonical":"https:\/\/autovago.it\/es\/impresa\/","og_locale":"es_ES","og_type":"article","og_title":"Impresa - Vag\u00f2","og_url":"https:\/\/autovago.it\/es\/impresa\/","og_site_name":"Vag\u00f2","article_modified_time":"2025-03-25T09:33:20+00:00","og_image":[{"width":2000,"height":1333,"url":"https:\/\/autovago.it\/wp-content\/uploads\/2024\/04\/Auto-Vago-azienda.jpg","type":"image\/jpeg"}],"twitter_card":"summary_large_image","twitter_misc":{"Tiempo de lectura":"3 minutos"},"schema":{"@context":"https:\/\/schema.org","@graph":[{"@type":"WebPage","@id":"https:\/\/autovago.it\/es\/impresa\/","url":"https:\/\/autovago.it\/es\/impresa\/","name":"Impresa - Vag\u00f2","isPartOf":{"@id":"https:\/\/autovago.it\/#website"},"primaryImageOfPage":{"@id":"https:\/\/autovago.it\/es\/impresa\/#primaryimage"},"image":{"@id":"https:\/\/autovago.it\/es\/impresa\/#primaryimage"},"thumbnailUrl":"https:\/\/autovago.it\/wp-content\/uploads\/2024\/04\/Auto-Vago-azienda.jpg","datePublished":"2024-03-26T18:19:51+00:00","dateModified":"2025-03-25T09:33:20+00:00","breadcrumb":{"@id":"https:\/\/autovago.it\/es\/impresa\/#breadcrumb"},"inLanguage":"es","potentialAction":[{"@type":"ReadAction","target":["https:\/\/autovago.it\/es\/impresa\/"]}]},{"@type":"ImageObject","inLanguage":"es","@id":"https:\/\/autovago.it\/es\/impresa\/#primaryimage","url":"https:\/\/autovago.it\/wp-content\/uploads\/2024\/04\/Auto-Vago-azienda.jpg","contentUrl":"https:\/\/autovago.it\/wp-content\/uploads\/2024\/04\/Auto-Vago-azienda.jpg","width":2000,"height":1333},{"@type":"BreadcrumbList","@id":"https:\/\/autovago.it\/es\/impresa\/#breadcrumb","itemListElement":[{"@type":"ListItem","position":1,"name":"Home","item":"https:\/\/autovago.it\/es\/"},{"@type":"ListItem","position":2,"name":"Impresa"}]},{"@type":"WebSite","@id":"https:\/\/autovago.it\/#website","url":"https:\/\/autovago.it\/","name":"Vag\u00f2 - Auto Parts Expert","description":"Auto Parts Expert","publisher":{"@id":"https:\/\/autovago.it\/#organization"},"potentialAction":[{"@type":"SearchAction","target":{"@type":"EntryPoint","urlTemplate":"https:\/\/autovago.it\/?s={search_term_string}"},"query-input":{"@type":"PropertyValueSpecification","valueRequired":true,"valueName":"search_term_string"}}],"inLanguage":"es"},{"@type":"Organization","@id":"https:\/\/autovago.it\/#organization","name":"Vag\u00f2","url":"https:\/\/autovago.it\/","logo":{"@type":"ImageObject","inLanguage":"es","@id":"https:\/\/autovago.it\/#\/schema\/logo\/image\/","url":"https:\/\/autovago.it\/wp-content\/uploads\/2024\/03\/auto-Vago-logo.png","contentUrl":"https:\/\/autovago.it\/wp-content\/uploads\/2024\/03\/auto-Vago-logo.png","width":3000,"height":1513,"caption":"Vag\u00f2"},"image":{"@id":"https:\/\/autovago.it\/#\/schema\/logo\/image\/"}}]}},"_links":{"self":[{"href":"https:\/\/autovago.it\/es\/wp-json\/wp\/v2\/pages\/9052","targetHints":{"allow":["GET"]}}],"collection":[{"href":"https:\/\/autovago.it\/es\/wp-json\/wp\/v2\/pages"}],"about":[{"href":"https:\/\/autovago.it\/es\/wp-json\/wp\/v2\/types\/page"}],"author":[{"embeddable":true,"href":"https:\/\/autovago.it\/es\/wp-json\/wp\/v2\/users\/1"}],"replies":[{"embeddable":true,"href":"https:\/\/autovago.it\/es\/wp-json\/wp\/v2\/comments?post=9052"}],"version-history":[{"count":6,"href":"https:\/\/autovago.it\/es\/wp-json\/wp\/v2\/pages\/9052\/revisions"}],"predecessor-version":[{"id":9522,"href":"https:\/\/autovago.it\/es\/wp-json\/wp\/v2\/pages\/9052\/revisions\/9522"}],"wp:featuredmedia":[{"embeddable":true,"href":"https:\/\/autovago.it\/es\/wp-json\/wp\/v2\/media\/9063"}],"wp:attachment":[{"href":"https:\/\/autovago.it\/es\/wp-json\/wp\/v2\/media?parent=9052"}],"curies":[{"name":"wp","href":"https:\/\/api.w.org\/{rel}","templated":true}]}}