{"id":9034,"date":"2019-05-10T14:40:15","date_gmt":"2019-05-10T12:40:15","guid":{"rendered":"https:\/\/autovago.it\/home\/"},"modified":"2025-09-29T11:02:50","modified_gmt":"2025-09-29T09:02:50","slug":"home","status":"publish","type":"page","link":"https:\/\/autovago.it\/es\/","title":{"rendered":"Home"},"content":{"rendered":"<section class=\"l-section wpb_row us_custom_dfe5982f us_animate_this height_auto width_full color_primary\"><div class=\"l-section-h i-cf\"><div class=\"g-cols vc_row via_grid cols_1 laptops-cols_inherit tablets-cols_inherit mobiles-cols_1 valign_top type_default stacking_default\"><div class=\"wpb_column vc_column_container\"><div class=\"vc_column-inner\"><div class=\"wpb_text_column\"><div class=\"wpb_wrapper\">\n\t\t\t<!-- START Home REVOLUTION SLIDER 6.7.41 --><p class=\"rs-p-wp-fix\"><\/p>\n\t\t\t<rs-module-wrap id=\"rev_slider_1_1_wrapper\" data-source=\"gallery\" style=\"visibility:hidden;background:transparent;padding:0;\">\n\t\t\t\t<rs-module id=\"rev_slider_1_1\" style=\"\" data-version=\"6.7.41\">\n\t\t\t\t\t<rs-slides style=\"overflow: hidden; position: absolute;\">\n\t\t\t\t\t\t<rs-slide style=\"position: absolute;\" data-key=\"rs-1\" data-title=\"Slide\" data-in=\"o:0;row:400;\" data-out=\"a:false;\">\n\t\t\t\t\t\t\t<img decoding=\"async\" src=\"\/\/autovago.it\/wp-content\/plugins\/revslider\/sr6\/assets\/assets\/dummy.png\" alt=\"\" title=\"Slide home\" width=\"1920\" height=\"1280\" class=\"rev-slidebg tp-rs-img rs-lazyload\" data-lazyload=\"\/\/autovago.it\/wp-content\/uploads\/2024\/03\/auto-Vago-3.jpg\" data-no-retina>\n<!--\n\t\t\t\t\t\t\t--><rs-layer\n\t\t\t\t\t\t\t\tid=\"slider-1-slide-1-layer-0\" \n\t\t\t\t\t\t\t\tdata-type=\"text\"\n\t\t\t\t\t\t\t\tdata-color=\"rgba(255, 255, 255, 0.67)\"\n\t\t\t\t\t\t\t\tdata-rsp_ch=\"on\"\n\t\t\t\t\t\t\t\tdata-xy=\"x:c;y:m;\"\n\t\t\t\t\t\t\t\tdata-text=\"w:normal;s:80,61,63,44;l:90,70,72,51;ls:-4,-3,-3,-1;fw:800;a:center;\"\n\t\t\t\t\t\t\t\tdata-dim=\"minh:0px,none,none,none;\"\n\t\t\t\t\t\t\t\tdata-frame_0=\"x:175%;y:0,0px,0px,0px;o:1;\"\n\t\t\t\t\t\t\t\tdata-frame_0_mask=\"u:t;x:-100%;y:0,0px,0px,0px;\"\n\t\t\t\t\t\t\t\tdata-frame_1=\"x:0,0px,0px,0px;y:0,0px,0px,0px;e:power3.out;st:1470;sp:1000;\"\n\t\t\t\t\t\t\t\tdata-frame_1_mask=\"u:t;x:0,0px,0px,0px;y:0,0px,0px,0px;\"\n\t\t\t\t\t\t\t\tdata-frame_999=\"o:0;st:w;sR:7230;\"\n\t\t\t\t\t\t\t\tstyle=\"z-index:9;font-family:'Poppins';\"\n\t\t\t\t\t\t\t>It's a unique element<br \/>\nwhen it's unique<br \/>\nfor everyone \n\t\t\t\t\t\t\t<\/rs-layer><!--\n\n\t\t\t\t\t\t\t--><a\n\t\t\t\t\t\t\t\tid=\"slider-1-slide-1-layer-2\" \n\t\t\t\t\t\t\t\tclass=\"rs-layer\"\n\t\t\t\t\t\t\t\thref=\"\" target=\"_self\"\n\t\t\t\t\t\t\t\tdata-type=\"button\"\n\t\t\t\t\t\t\t\tdata-rsp_ch=\"on\"\n\t\t\t\t\t\t\t\tdata-xy=\"x:c;y:m;yo:435px,232px,176px,108px;\"\n\t\t\t\t\t\t\t\tdata-text=\"w:normal;s:50,26,19,11;l:106,56,42,25;\"\n\t\t\t\t\t\t\t\tdata-actions='o:click;a:menulink;target:_self;anchor:intro;sp:1000ms;e:power1.inOut;'\n\t\t\t\t\t\t\t\tdata-frame_1=\"st:2580;sR:2580;\"\n\t\t\t\t\t\t\t\tdata-frame_999=\"o:0;st:w;sR:6120;\"\n\t\t\t\t\t\t\t\tstyle=\"z-index:7;font-family:'Open Sans';\"\n\t\t\t\t\t\t\t><i class=\"fa-chevron-down\"><\/i> \n\t\t\t\t\t\t\t<\/a><!--\n-->\t\t\t\t\t<\/rs-slide>\n\t\t\t\t\t<\/rs-slides>\n\t\t\t\t<\/rs-module>\n\t\t\t\t<script>\n\t\t\t\t\tsetREVStartSize({c: 'rev_slider_1_1',rl:[1240,1024,778,480],el:[1280,768,960,720],gw:[1920,1024,778,480],gh:[1280,768,960,720],type:'standard',justify:'',layout:'fullscreen',offsetContainer:'',offset:'',mh:\"0\"});if (window.RS_MODULES!==undefined && window.RS_MODULES.modules!==undefined && window.RS_MODULES.modules[\"revslider11\"]!==undefined) {window.RS_MODULES.modules[\"revslider11\"].once = false;window.revapi1 = undefined;if (window.RS_MODULES.checkMinimal!==undefined) window.RS_MODULES.checkMinimal()}\n\t\t\t\t<\/script>\n\t\t\t<\/rs-module-wrap>\n\t\t\t<!-- END REVOLUTION SLIDER -->\n\n<\/div><\/div><\/div><\/div><\/div><\/div><\/section><section class=\"l-section wpb_row height_medium color_alternate\"><div class=\"l-section-h i-cf\"><div class=\"g-cols vc_row via_grid cols_1 laptops-cols_inherit tablets-cols_inherit mobiles-cols_1 valign_middle type_default stacking_default\"><div class=\"wpb_column vc_column_container\"><div class=\"vc_column-inner\"><div class=\"wpb_text_column us_custom_7d520364\"><div class=\"wpb_wrapper\"><div style=\"width: 1440px;\" class=\"wp-video\"><video class=\"wp-video-shortcode\" id=\"video-9034-1\" width=\"1440\" height=\"612\" poster=\"https:\/\/autovago.it\/wp-content\/uploads\/2025\/09\/Vago-corporate.jpg\" preload=\"metadata\" controls=\"controls\"><source type=\"video\/mp4\" src=\"https:\/\/autovago.it\/wp-content\/uploads\/2025\/09\/Vago-corporate.mp4?_=1\" \/><a href=\"https:\/\/autovago.it\/wp-content\/uploads\/2025\/09\/Vago-corporate.mp4\">https:\/\/autovago.it\/wp-content\/uploads\/2025\/09\/Vago-corporate.mp4<\/a><\/video><\/div>\n<\/div><\/div><\/div><\/div><\/div><\/div><\/section><section class=\"l-section wpb_row us_custom_60e9caca us_animate_this height_medium\" id=\"intro\"><div class=\"l-section-h i-cf\"><div class=\"g-cols vc_row via_grid cols_2 laptops-cols_inherit tablets-cols_inherit mobiles-cols_1 valign_middle type_default stacking_default\" style=\"--columns-gap:0rem;\"><div class=\"wpb_column vc_column_container us_custom_9033fdba has_bg_color\"><div class=\"vc_column-inner\"><div class=\"wpb_text_column us_custom_fdd247c6 has_text_color\"><div class=\"wpb_wrapper\"><p>Vag\u00f2: auto parts expert<\/p>\n<\/div><\/div><div class=\"wpb_text_column us_custom_cd374446 has_text_color\"><div class=\"wpb_wrapper\"><p>Innovac\u00edon e calidad desde 1991.<\/p>\n<\/div><\/div><div class=\"w-separator size_custom\" style=\"height:15px\"><\/div><div class=\"wpb_text_column us_custom_0c7e20e3 has_text_color\"><div class=\"wpb_wrapper\"><p>Vago&#8217; es una marca italiana especializada en la producci\u00f3n de carrocer\u00edas para coches sin carnet de todas las marcas. Con treinta a\u00f1os de experiencia, nuestra empresa se dedica a la producci\u00f3n de paragolpes, paneles de puertas, cap\u00f3s, portones traseros, aletas delanteras y traseras y aletas interiores que vendemos en toda Europa.<\/p>\n<\/div><\/div><div class=\"w-separator size_custom\" style=\"height:15px\"><\/div><div class=\"w-btn-wrapper align_none\"><a class=\"w-btn us-btn-style_1\" href=\"https:\/\/autovago.it\/es\/impresa\/\"><span class=\"w-btn-label\">M\u00e1s informaci\u00f3n<\/span><\/a><\/div><\/div><\/div><div class=\"wpb_column vc_column_container\"><div class=\"vc_column-overlay\" style=\"background:#F2F4F5\"><\/div><div class=\"vc_column-inner\"><div class=\"w-slider style_none fit_scaledown nav_none count_8\"><div class=\"w-slider-h\" aria-hidden=\"true\"><div class=\"royalSlider\"><div class=\"rsContent\"><a class=\"rsImg\" data-rsw=\"1920\" data-rsh=\"1280\" href=\"https:\/\/autovago.it\/wp-content\/uploads\/2025\/03\/Auto-Vago-ricambi-minicar-99.jpg\"><span data-alt=\"\"><\/span><\/a><\/div><div class=\"rsContent\"><a class=\"rsImg\" data-rsw=\"1920\" data-rsh=\"1280\" href=\"https:\/\/autovago.it\/wp-content\/uploads\/2025\/03\/Auto-Vago-ricambi-minicar-200.jpg\"><span data-alt=\"\"><\/span><\/a><\/div><div class=\"rsContent\"><a class=\"rsImg\" data-rsw=\"1920\" data-rsh=\"1280\" href=\"https:\/\/autovago.it\/wp-content\/uploads\/2025\/03\/Auto-Vago-ricambi-minicar-201.jpg\"><span data-alt=\"\"><\/span><\/a><\/div><div class=\"rsContent\"><a class=\"rsImg\" data-rsw=\"1920\" data-rsh=\"1280\" href=\"https:\/\/autovago.it\/wp-content\/uploads\/2025\/03\/Auto-Vago-ricambi-minicar-100.jpg\"><span data-alt=\"\"><\/span><\/a><\/div><div class=\"rsContent\"><a class=\"rsImg\" data-rsw=\"1920\" data-rsh=\"1280\" href=\"https:\/\/autovago.it\/wp-content\/uploads\/2025\/03\/Auto-Vago-ricambi-minicar-101.jpg\"><span data-alt=\"\"><\/span><\/a><\/div><div class=\"rsContent\"><a class=\"rsImg\" data-rsw=\"1920\" data-rsh=\"1280\" href=\"https:\/\/autovago.it\/wp-content\/uploads\/2025\/03\/Auto-Vago-ricambi-minicar-102.jpg\"><span data-alt=\"\"><\/span><\/a><\/div><div class=\"rsContent\"><a class=\"rsImg\" data-rsw=\"1920\" data-rsh=\"1280\" href=\"https:\/\/autovago.it\/wp-content\/uploads\/2025\/03\/Auto-Vago-ricambi-minicar-103.jpg\"><span data-alt=\"\"><\/span><\/a><\/div><div class=\"rsContent\"><a class=\"rsImg\" data-rsw=\"1920\" data-rsh=\"1280\" href=\"https:\/\/autovago.it\/wp-content\/uploads\/2025\/03\/Auto-Vago-ricambi-minicar-104.jpg\"><span data-alt=\"\"><\/span><\/a><\/div><\/div><img decoding=\"async\" src=\"https:\/\/autovago.it\/wp-content\/uploads\/2025\/03\/Auto-Vago-ricambi-minicar-99.jpg\" width=\"1920\" height=\"1280\" alt loading=\"lazy\"><\/div><div class=\"w-slider-json\" onclick='return {&quot;autoScaleSlider&quot;:true,&quot;addActiveClass&quot;:true,&quot;loop&quot;:true,&quot;fadeInLoadedSlide&quot;:false,&quot;slidesSpacing&quot;:0,&quot;imageScalePadding&quot;:0,&quot;numImagesToPreload&quot;:2,&quot;arrowsNav&quot;:true,&quot;arrowsNavAutoHide&quot;:false,&quot;transitionType&quot;:&quot;fade&quot;,&quot;transitionSpeed&quot;:250,&quot;block&quot;:{&quot;moveEffect&quot;:&quot;none&quot;,&quot;speed&quot;:300},&quot;thumbs&quot;:{&quot;fitInViewport&quot;:false,&quot;firstMargin&quot;:false,&quot;spacing&quot;:4},&quot;controlNavigation&quot;:&quot;none&quot;,&quot;autoplay&quot;:{&quot;enabled&quot;:true,&quot;pauseOnHover&quot;:true,&quot;delay&quot;:3000},&quot;autoScaleSliderWidth&quot;:1920,&quot;autoScaleSliderHeight&quot;:1280}'><\/div><\/div><\/div><\/div><\/div><\/div><\/section><section class=\"l-section wpb_row us_custom_60e9caca us_animate_this height_small\"><div class=\"l-section-h i-cf\"><div class=\"g-cols vc_row via_grid cols_1 laptops-cols_inherit tablets-cols_2 mobiles-cols_1 valign_top type_default stacking_default\" style=\"--columns-gap:30px;\"><div class=\"wpb_column vc_column_container\"><div class=\"vc_column-inner\"><div class=\"wpb_text_column us_custom_fe6b2763 has_text_color\"><div class=\"wpb_wrapper\"><p>\u00bfPor qu\u00e9 elegirnos?<\/p>\n<\/div><\/div><div class=\"w-separator size_small\"><\/div><div class=\"g-cols wpb_row via_grid cols_3 laptops-cols_inherit tablets-cols_inherit mobiles-cols_1 valign_top type_default stacking_default\" style=\"--columns-gap:2rem;\"><div class=\"wpb_column vc_column_container us_custom_cd895498\"><div class=\"vc_column-inner\"><div class=\"w-iconbox us_custom_9d18e912 has_text_color iconpos_top style_circle color_custom align_center\"><div class=\"w-iconbox-icon\" style=\"font-size:1.5rem;--icon-color:#fff;--icon-bg-color:var(--color-rosso);\"><i class=\"fas fa-award\"><\/i><\/div><div class=\"w-iconbox-meta\"><p class=\"w-iconbox-title\" style=\"font-size:22px;\"><strong>Calidad<\/strong><\/p><div class=\"w-iconbox-text\"><p>Nos comprometemos a ofrecer a nuestros clientes productos y servicios aut\u00e9nticos e impecables, cuidando cada detalle y utilizando los mejores materiales y tecnolog\u00edas.<\/p>\n<\/div><\/div><\/div><\/div><\/div><div class=\"wpb_column vc_column_container us_custom_cd895498\"><div class=\"vc_column-inner\"><div class=\"w-iconbox us_custom_9d18e912 has_text_color iconpos_top style_circle color_custom align_center\"><div class=\"w-iconbox-icon\" style=\"font-size:1.5rem;--icon-color:#fff;--icon-bg-color:var(--color-rosso);\"><i class=\"fas fa-user-clock\"><\/i><\/div><div class=\"w-iconbox-meta\"><p class=\"w-iconbox-title\" style=\"font-size:22px;\"><strong>Fiabilidad<\/strong><\/p><div class=\"w-iconbox-text\"><p>Siempre puedes contar con nosotros. Somos un socio confiable, que respeta los tiempos de entrega y los compromisos adquiridos. Su satisfacci\u00f3n es nuestra motivaci\u00f3n.<\/p>\n<\/div><\/div><\/div><\/div><\/div><div class=\"wpb_column vc_column_container us_custom_cd895498\"><div class=\"vc_column-inner\"><div class=\"w-iconbox us_custom_9d18e912 has_text_color iconpos_top style_circle color_custom align_center\"><div class=\"w-iconbox-icon\" style=\"font-size:1.5rem;--icon-color:#fff;--icon-bg-color:var(--color-rosso);\"><i class=\"fas fa-graduation-cap\"><\/i><\/div><div class=\"w-iconbox-meta\"><p class=\"w-iconbox-title\" style=\"font-size:22px;\"><strong>Excelencia<\/strong><\/p><div class=\"w-iconbox-text\"><p>Para nuestra empresa, la excelencia es el \u00fanico nivel aceptable de calidad. Nos enfocamos en la mejora constante y buscamos la innovaci\u00f3n en cada \u00e1rea de nuestro trabajo para crear una relaci\u00f3n duradera con nuestros clientes.<\/p>\n<\/div><\/div><\/div><\/div><\/div><\/div><div class=\"w-separator size_small\"><\/div><\/div><\/div><\/div><\/div><\/section><section class=\"l-section wpb_row height_medium width_custom color_alternate with_shape\" style=\"--site-content-width:900px;\"><div class=\"l-section-shape type_custom pos_bottom\" style=\"height:50%;\"><svg xmlns=\"http:\/\/www.w3.org\/2000\/svg\" viewBox=\"0 0 64 8\" preserveAspectRatio=\"none\" width=\"100%\" height=\"100%\">\r\n\t<path fill=\"currentColor\" d=\"M64 8 L0 8 L0 0 L64 0 Z\"\/>\r\n<\/svg><\/div><div class=\"l-section-h i-cf\"><div class=\"g-cols vc_row via_grid cols_1 laptops-cols_inherit tablets-cols_inherit mobiles-cols_1 valign_middle type_default stacking_default\"><div class=\"wpb_column vc_column_container us_custom_5e688b22 has_text_color has_bg_color\"><div class=\"vc_column-inner\"><div class=\"wpb_text_column us_custom_9862b27b has_text_color\"><div class=\"wpb_wrapper\"><h2 style=\"text-align: center;\"><span style=\"color: #d2554a;\"><strong>\u00a1Convi\u00e9rtete en revendedor!<\/strong><\/span><\/h2>\n<\/div><\/div><div class=\"wpb_text_column us_custom_867ab871 has_text_color\"><div class=\"wpb_wrapper\"><p style=\"text-align: center;\"><strong>\u00a1Ven a ser parte de Vag\u00f2!<\/strong><\/p>\n<\/div><\/div><div class=\"w-separator size_small\"><\/div><div class=\"w-btn-wrapper align_center\"><a class=\"w-btn us-btn-style_1 us_custom_b4198c51\" href=\"\/es\/conviertete-en-revendedor\/\"><span class=\"w-btn-label\">\u00a1VEN A SER PARTE DE VAGO\u2019!<\/span><\/a><\/div><\/div><\/div><\/div><\/div><\/section><section class=\"l-section wpb_row us_custom_60e9caca us_animate_this height_huge color_footer-bottom\"><div class=\"l-section-h i-cf\"><div class=\"g-cols vc_row via_grid cols_2-3 laptops-cols_inherit tablets-cols_1 mobiles-cols_1 valign_middle type_default stacking_default\" style=\"--columns-gap:5vw;\"><div class=\"wpb_column vc_column_container\"><div class=\"vc_column-inner\"><div class=\"w-image style_shadow-1 has_ratio align_none\"><div class=\"w-image-h\"><div style=\"padding-bottom:75%\"><\/div><img decoding=\"async\" width=\"1920\" height=\"1280\" src=\"https:\/\/autovago.it\/wp-content\/uploads\/2024\/03\/auto-Vago-5.jpg\" class=\"attachment-full size-full\" alt=\"\" loading=\"lazy\" \/><\/div><\/div><\/div><\/div><div class=\"wpb_column vc_column_container\"><div class=\"vc_column-inner\"><h2 class=\"w-text us_custom_6221b7f3\"><span class=\"w-text-h\"><span class=\"w-text-value\">L\u2019excellence italienne : Vago\u2019, leader dans la fabrication de carrosseries pour voiture sans permis<\/span><\/span><\/h2><div class=\"w-separator size_medium\"><\/div><div class=\"wpb_text_column us_custom_cbe7b8ed\"><div class=\"wpb_wrapper\"><blockquote>\n<p>Notre mission est de continuer \u00e0 grandir, nous am\u00e9liorer, investir continument dans la recherche et le d\u00e9veloppement pour garantir des solutions innovatives. Nous sommes fiers de l\u2019exp\u00e9rience et connaissances acquises, qui nous permettent de fabriquer des produits uniques qui r\u00e9pondent aux exigences de nos clients, m\u00eames les plus exigeants.<\/p>\n<\/blockquote>\n<\/div><\/div><div class=\"w-separator size_medium\"><\/div><\/div><\/div><\/div><\/div><\/section>\n","protected":false},"excerpt":{"rendered":"It's a unique element when it's unique for everyone https:\/\/autovago.it\/wp-content\/uploads\/2025\/09\/Vago-corporate.mp4 Vag\u00f2: auto parts expert Innovac\u00edon e calidad desde 1991. Vago&#8217; es una marca italiana especializada en la producci\u00f3n de carrocer\u00edas para coches sin carnet de todas las marcas. Con treinta a\u00f1os de experiencia, nuestra empresa se dedica a la producci\u00f3n de paragolpes, paneles de puertas,...","protected":false},"author":1,"featured_media":9037,"parent":0,"menu_order":0,"comment_status":"closed","ping_status":"closed","template":"","meta":{"content-type":"","iawp_total_views":82,"footnotes":""},"class_list":["post-9034","page","type-page","status-publish","has-post-thumbnail","hentry"],"yoast_head":"<!-- This site is optimized with the Yoast SEO plugin v27.2 - https:\/\/yoast.com\/product\/yoast-seo-wordpress\/ -->\n<title>Vag\u00f2 - Auto Parts Expert<\/title>\n<meta name=\"description\" content=\"Vag\u00f2 es una marca italiana especializada en la creaci\u00f3n de carrocer\u00edas para minicoches. La empresa est\u00e1 ubicada en Abruzzo - Italia.\" \/>\n<meta name=\"robots\" content=\"index, follow, max-snippet:-1, max-image-preview:large, max-video-preview:-1\" \/>\n<link rel=\"canonical\" href=\"https:\/\/autovago.it\/es\/\" \/>\n<meta property=\"og:locale\" content=\"es_ES\" \/>\n<meta property=\"og:type\" content=\"article\" \/>\n<meta property=\"og:title\" content=\"Vag\u00f2 - Auto Parts Expert\" \/>\n<meta property=\"og:description\" content=\"Vag\u00f2 es una marca italiana especializada en la creaci\u00f3n de carrocer\u00edas para minicoches. La empresa est\u00e1 ubicada en Abruzzo - Italia.\" \/>\n<meta property=\"og:url\" content=\"https:\/\/autovago.it\/es\/\" \/>\n<meta property=\"og:site_name\" content=\"Vag\u00f2\" \/>\n<meta property=\"article:modified_time\" content=\"2025-09-29T09:02:50+00:00\" \/>\n<meta property=\"og:image\" content=\"https:\/\/autovago.it\/wp-content\/uploads\/2024\/03\/auto-Vago-3.jpg\" \/>\n\t<meta property=\"og:image:width\" content=\"1920\" \/>\n\t<meta property=\"og:image:height\" content=\"1280\" \/>\n\t<meta property=\"og:image:type\" content=\"image\/jpeg\" \/>\n<meta name=\"twitter:card\" content=\"summary_large_image\" \/>\n<meta name=\"twitter:label1\" content=\"Tiempo de lectura\" \/>\n\t<meta name=\"twitter:data1\" content=\"3 minutos\" \/>\n<script type=\"application\/ld+json\" class=\"yoast-schema-graph\">{\"@context\":\"https:\/\/schema.org\",\"@graph\":[{\"@type\":\"WebPage\",\"@id\":\"https:\/\/autovago.it\/es\/\",\"url\":\"https:\/\/autovago.it\/es\/\",\"name\":\"Vag\u00f2 - Auto Parts Expert\",\"isPartOf\":{\"@id\":\"https:\/\/autovago.it\/#website\"},\"primaryImageOfPage\":{\"@id\":\"https:\/\/autovago.it\/es\/#primaryimage\"},\"image\":{\"@id\":\"https:\/\/autovago.it\/es\/#primaryimage\"},\"thumbnailUrl\":\"https:\/\/autovago.it\/wp-content\/uploads\/2024\/03\/auto-Vago-3.jpg\",\"datePublished\":\"2019-05-10T12:40:15+00:00\",\"dateModified\":\"2025-09-29T09:02:50+00:00\",\"description\":\"Vag\u00f2 es una marca italiana especializada en la creaci\u00f3n de carrocer\u00edas para minicoches. La empresa est\u00e1 ubicada en Abruzzo - Italia.\",\"breadcrumb\":{\"@id\":\"https:\/\/autovago.it\/es\/#breadcrumb\"},\"inLanguage\":\"es\",\"potentialAction\":[{\"@type\":\"ReadAction\",\"target\":[\"https:\/\/autovago.it\/es\/\"]}]},{\"@type\":\"ImageObject\",\"inLanguage\":\"es\",\"@id\":\"https:\/\/autovago.it\/es\/#primaryimage\",\"url\":\"https:\/\/autovago.it\/wp-content\/uploads\/2024\/03\/auto-Vago-3.jpg\",\"contentUrl\":\"https:\/\/autovago.it\/wp-content\/uploads\/2024\/03\/auto-Vago-3.jpg\",\"width\":1920,\"height\":1280},{\"@type\":\"BreadcrumbList\",\"@id\":\"https:\/\/autovago.it\/es\/#breadcrumb\",\"itemListElement\":[{\"@type\":\"ListItem\",\"position\":1,\"name\":\"Home\",\"item\":\"https:\/\/autovago.it\/es\/\"},{\"@type\":\"ListItem\",\"position\":2,\"name\":\"Home\"}]},{\"@type\":\"WebSite\",\"@id\":\"https:\/\/autovago.it\/#website\",\"url\":\"https:\/\/autovago.it\/\",\"name\":\"Vag\u00f2 - Auto Parts Expert\",\"description\":\"Auto Parts Expert\",\"publisher\":{\"@id\":\"https:\/\/autovago.it\/#organization\"},\"potentialAction\":[{\"@type\":\"SearchAction\",\"target\":{\"@type\":\"EntryPoint\",\"urlTemplate\":\"https:\/\/autovago.it\/?s={search_term_string}\"},\"query-input\":{\"@type\":\"PropertyValueSpecification\",\"valueRequired\":true,\"valueName\":\"search_term_string\"}}],\"inLanguage\":\"es\"},{\"@type\":\"Organization\",\"@id\":\"https:\/\/autovago.it\/#organization\",\"name\":\"Vag\u00f2\",\"url\":\"https:\/\/autovago.it\/\",\"logo\":{\"@type\":\"ImageObject\",\"inLanguage\":\"es\",\"@id\":\"https:\/\/autovago.it\/#\/schema\/logo\/image\/\",\"url\":\"https:\/\/autovago.it\/wp-content\/uploads\/2024\/03\/auto-Vago-logo.png\",\"contentUrl\":\"https:\/\/autovago.it\/wp-content\/uploads\/2024\/03\/auto-Vago-logo.png\",\"width\":3000,\"height\":1513,\"caption\":\"Vag\u00f2\"},\"image\":{\"@id\":\"https:\/\/autovago.it\/#\/schema\/logo\/image\/\"}}]}<\/script>\n<!-- \/ Yoast SEO plugin. -->","yoast_head_json":{"title":"Vag\u00f2 - Auto Parts Expert","description":"Vag\u00f2 es una marca italiana especializada en la creaci\u00f3n de carrocer\u00edas para minicoches. La empresa est\u00e1 ubicada en Abruzzo - Italia.","robots":{"index":"index","follow":"follow","max-snippet":"max-snippet:-1","max-image-preview":"max-image-preview:large","max-video-preview":"max-video-preview:-1"},"canonical":"https:\/\/autovago.it\/es\/","og_locale":"es_ES","og_type":"article","og_title":"Vag\u00f2 - Auto Parts Expert","og_description":"Vag\u00f2 es una marca italiana especializada en la creaci\u00f3n de carrocer\u00edas para minicoches. La empresa est\u00e1 ubicada en Abruzzo - Italia.","og_url":"https:\/\/autovago.it\/es\/","og_site_name":"Vag\u00f2","article_modified_time":"2025-09-29T09:02:50+00:00","og_image":[{"width":1920,"height":1280,"url":"https:\/\/autovago.it\/wp-content\/uploads\/2024\/03\/auto-Vago-3.jpg","type":"image\/jpeg"}],"twitter_card":"summary_large_image","twitter_misc":{"Tiempo de lectura":"3 minutos"},"schema":{"@context":"https:\/\/schema.org","@graph":[{"@type":"WebPage","@id":"https:\/\/autovago.it\/es\/","url":"https:\/\/autovago.it\/es\/","name":"Vag\u00f2 - Auto Parts Expert","isPartOf":{"@id":"https:\/\/autovago.it\/#website"},"primaryImageOfPage":{"@id":"https:\/\/autovago.it\/es\/#primaryimage"},"image":{"@id":"https:\/\/autovago.it\/es\/#primaryimage"},"thumbnailUrl":"https:\/\/autovago.it\/wp-content\/uploads\/2024\/03\/auto-Vago-3.jpg","datePublished":"2019-05-10T12:40:15+00:00","dateModified":"2025-09-29T09:02:50+00:00","description":"Vag\u00f2 es una marca italiana especializada en la creaci\u00f3n de carrocer\u00edas para minicoches. La empresa est\u00e1 ubicada en Abruzzo - Italia.","breadcrumb":{"@id":"https:\/\/autovago.it\/es\/#breadcrumb"},"inLanguage":"es","potentialAction":[{"@type":"ReadAction","target":["https:\/\/autovago.it\/es\/"]}]},{"@type":"ImageObject","inLanguage":"es","@id":"https:\/\/autovago.it\/es\/#primaryimage","url":"https:\/\/autovago.it\/wp-content\/uploads\/2024\/03\/auto-Vago-3.jpg","contentUrl":"https:\/\/autovago.it\/wp-content\/uploads\/2024\/03\/auto-Vago-3.jpg","width":1920,"height":1280},{"@type":"BreadcrumbList","@id":"https:\/\/autovago.it\/es\/#breadcrumb","itemListElement":[{"@type":"ListItem","position":1,"name":"Home","item":"https:\/\/autovago.it\/es\/"},{"@type":"ListItem","position":2,"name":"Home"}]},{"@type":"WebSite","@id":"https:\/\/autovago.it\/#website","url":"https:\/\/autovago.it\/","name":"Vag\u00f2 - Auto Parts Expert","description":"Auto Parts Expert","publisher":{"@id":"https:\/\/autovago.it\/#organization"},"potentialAction":[{"@type":"SearchAction","target":{"@type":"EntryPoint","urlTemplate":"https:\/\/autovago.it\/?s={search_term_string}"},"query-input":{"@type":"PropertyValueSpecification","valueRequired":true,"valueName":"search_term_string"}}],"inLanguage":"es"},{"@type":"Organization","@id":"https:\/\/autovago.it\/#organization","name":"Vag\u00f2","url":"https:\/\/autovago.it\/","logo":{"@type":"ImageObject","inLanguage":"es","@id":"https:\/\/autovago.it\/#\/schema\/logo\/image\/","url":"https:\/\/autovago.it\/wp-content\/uploads\/2024\/03\/auto-Vago-logo.png","contentUrl":"https:\/\/autovago.it\/wp-content\/uploads\/2024\/03\/auto-Vago-logo.png","width":3000,"height":1513,"caption":"Vag\u00f2"},"image":{"@id":"https:\/\/autovago.it\/#\/schema\/logo\/image\/"}}]}},"_links":{"self":[{"href":"https:\/\/autovago.it\/es\/wp-json\/wp\/v2\/pages\/9034","targetHints":{"allow":["GET"]}}],"collection":[{"href":"https:\/\/autovago.it\/es\/wp-json\/wp\/v2\/pages"}],"about":[{"href":"https:\/\/autovago.it\/es\/wp-json\/wp\/v2\/types\/page"}],"author":[{"embeddable":true,"href":"https:\/\/autovago.it\/es\/wp-json\/wp\/v2\/users\/1"}],"replies":[{"embeddable":true,"href":"https:\/\/autovago.it\/es\/wp-json\/wp\/v2\/comments?post=9034"}],"version-history":[{"count":9,"href":"https:\/\/autovago.it\/es\/wp-json\/wp\/v2\/pages\/9034\/revisions"}],"predecessor-version":[{"id":9928,"href":"https:\/\/autovago.it\/es\/wp-json\/wp\/v2\/pages\/9034\/revisions\/9928"}],"wp:featuredmedia":[{"embeddable":true,"href":"https:\/\/autovago.it\/es\/wp-json\/wp\/v2\/media\/9037"}],"wp:attachment":[{"href":"https:\/\/autovago.it\/es\/wp-json\/wp\/v2\/media?parent=9034"}],"curies":[{"name":"wp","href":"https:\/\/api.w.org\/{rel}","templated":true}]}}