{"id":9843,"date":"2025-09-04T18:21:14","date_gmt":"2025-09-04T16:21:14","guid":{"rendered":"https:\/\/autovago.it\/ricambi-ami\/"},"modified":"2025-09-09T08:27:37","modified_gmt":"2025-09-09T06:27:37","slug":"ami-spare-parts","status":"publish","type":"page","link":"https:\/\/autovago.it\/en\/ami-spare-parts\/","title":{"rendered":"AM\u00cc Spare Parts"},"content":{"rendered":"<section class=\"l-section wpb_row us_custom_dfe5982f us_animate_this height_auto width_full color_primary\"><div class=\"l-section-h i-cf\"><div class=\"g-cols vc_row via_grid cols_1 laptops-cols_inherit tablets-cols_inherit mobiles-cols_1 valign_top type_default stacking_default\"><div class=\"wpb_column vc_column_container\"><div class=\"vc_column-inner\">\n\t\t\t<!-- START Ricambi AMI EN REVOLUTION SLIDER 6.7.41 --><p class=\"rs-p-wp-fix\"><\/p>\n\t\t\t<rs-module-wrap id=\"rev_slider_8_1_wrapper\" data-source=\"gallery\" style=\"visibility:hidden;background:transparent;padding:0;margin:0px auto;margin-top:0;margin-bottom:0;\">\n\t\t\t\t<rs-module id=\"rev_slider_8_1\" style=\"\" data-version=\"6.7.41\">\n\t\t\t\t\t<rs-slides style=\"overflow: hidden; position: absolute;\">\n\t\t\t\t\t\t<rs-slide style=\"position: absolute;\" data-key=\"rs-13\" data-title=\"Slide\" data-in=\"o:0;row:400;\" data-out=\"a:false;\">\n\t\t\t\t\t\t\t<img decoding=\"async\" src=\"\/\/autovago.it\/wp-content\/plugins\/revslider\/sr6\/assets\/assets\/dummy.png\" alt=\"\" title=\"Slide home\" width=\"1920\" height=\"600\" class=\"rev-slidebg tp-rs-img rs-lazyload\" data-lazyload=\"\/\/autovago.it\/wp-content\/uploads\/2025\/09\/vago-Ricambi-Citroen-AMI-1.jpg\" data-no-retina>\n<!--\n\t\t\t\t\t\t\t--><rs-layer\n\t\t\t\t\t\t\t\tid=\"slider-8-slide-13-layer-0\" \n\t\t\t\t\t\t\t\tdata-type=\"text\"\n\t\t\t\t\t\t\t\tdata-color=\"rgba(255, 255, 255, 0.57)\"\n\t\t\t\t\t\t\t\tdata-tsh=\"c:rgba(0,0,0,0.75);h:7px,3px,2px,1px;v:7px,3px,2px,1px;b:10px,5px,3px,1px;\"\n\t\t\t\t\t\t\t\tdata-rsp_ch=\"on\"\n\t\t\t\t\t\t\t\tdata-xy=\"x:c;y:m;\"\n\t\t\t\t\t\t\t\tdata-text=\"w:normal;s:80,91,86,53;l:90,104,99,60;ls:-4,-4,-4,-1;fw:800;a:center;\"\n\t\t\t\t\t\t\t\tdata-dim=\"minh:0px,none,none,none;\"\n\t\t\t\t\t\t\t\tdata-frame_0=\"x:0,0px,0px,0px;y:0,0px,0px,0px;sX:2;sY:2;\"\n\t\t\t\t\t\t\t\tdata-frame_0_mask=\"u:t;x:0,0px,0px,0px;y:0,0px,0px,0px;\"\n\t\t\t\t\t\t\t\tdata-frame_1=\"x:0,0px,0px,0px;y:0,0px,0px,0px;e:power2.out;st:1340;sp:1000;\"\n\t\t\t\t\t\t\t\tdata-frame_1_mask=\"u:t;x:0,0px,0px,0px;y:0,0px,0px,0px;\"\n\t\t\t\t\t\t\t\tdata-frame_999=\"o:0;st:w;sR:7360;\"\n\t\t\t\t\t\t\t\tstyle=\"z-index:8;font-family:'Poppins';\"\n\t\t\t\t\t\t\t>AM\u00cc SPARE PARTS  \n\t\t\t\t\t\t\t<\/rs-layer><!--\n-->\t\t\t\t\t<\/rs-slide>\n\t\t\t\t\t<\/rs-slides>\n\t\t\t\t<\/rs-module>\n\t\t\t\t<script>\n\t\t\t\t\tsetREVStartSize({c: 'rev_slider_8_1',rl:[1240,1024,778,480],el:[600,768,960,720],gw:[1920,1024,778,480],gh:[600,768,960,720],type:'standard',justify:'',layout:'fullwidth',mh:\"0\"});if (window.RS_MODULES!==undefined && window.RS_MODULES.modules!==undefined && window.RS_MODULES.modules[\"revslider81\"]!==undefined) {window.RS_MODULES.modules[\"revslider81\"].once = false;window.revapi8 = undefined;if (window.RS_MODULES.checkMinimal!==undefined) window.RS_MODULES.checkMinimal()}\n\t\t\t\t<\/script>\n\t\t\t<\/rs-module-wrap>\n\t\t\t<!-- END REVOLUTION SLIDER -->\n<\/div><\/div><\/div><\/div><\/section><section class=\"l-section wpb_row us_custom_60e9caca us_animate_this height_medium\"><div class=\"l-section-h i-cf\"><div class=\"g-cols vc_row via_grid cols_2 laptops-cols_inherit tablets-cols_inherit mobiles-cols_1 valign_middle type_default stacking_default\" style=\"--columns-gap:0rem;\"><div class=\"wpb_column vc_column_container us_custom_22dba9c0 has_bg_color\"><div class=\"vc_column-inner\"><div class=\"wpb_text_column us_custom_fdd247c6 has_text_color\"><div class=\"wpb_wrapper\"><p>AM\u00cc Spare Parts<\/p>\n<\/div><\/div><div class=\"w-separator size_custom\" style=\"height:10px\"><\/div><div class=\"wpb_text_column us_custom_3cbf8422 has_text_color\"><div class=\"wpb_wrapper\"><p>New References Available<\/p>\n<\/div><\/div><div class=\"w-separator size_small\"><\/div><div class=\"wpb_text_column us_custom_ab4bea86 has_text_color\"><div class=\"wpb_wrapper\"><p>The AM\u00cc is an innovative electric microcar that is becoming increasingly popular in our cities. To meet the growing demand, Vag\u00f2 has expanded its catalog with new spare part codes dedicated to this model.<\/p>\n<p><strong>AM\u00cc Spare Parts Always Available<\/strong><br \/>\nWith Vag\u00f2\u2019s latest AM\u00cc additions, professionals can rely on:<\/p>\n<ul>\n<li>Quality and reliability, with carefully selected and tested components.<\/li>\n<li>Immediate availability, reducing downtime.<\/li>\n<li>Fast delivery across Europe.<\/li>\n<li>Specialized technical support, to help you choose the right spare part.<\/li>\n<\/ul>\n<\/div><\/div><div class=\"w-separator size_small\"><\/div><\/div><\/div><div class=\"wpb_column vc_column_container\"><div class=\"vc_column-overlay\" style=\"background:#F2F4F5\"><\/div><div class=\"vc_column-inner\"><div class=\"w-image align_none\"><div class=\"w-image-h\"><img decoding=\"async\" width=\"2000\" height=\"1333\" src=\"https:\/\/autovago.it\/wp-content\/uploads\/2025\/09\/vago-Ricambi-Citroen-AMI-4.jpg\" class=\"attachment-full size-full\" alt=\"\" loading=\"lazy\" srcset=\"https:\/\/autovago.it\/wp-content\/uploads\/2025\/09\/vago-Ricambi-Citroen-AMI-4.jpg 2000w, https:\/\/autovago.it\/wp-content\/uploads\/2025\/09\/vago-Ricambi-Citroen-AMI-4-300x200.jpg 300w, https:\/\/autovago.it\/wp-content\/uploads\/2025\/09\/vago-Ricambi-Citroen-AMI-4-1024x682.jpg 1024w, https:\/\/autovago.it\/wp-content\/uploads\/2025\/09\/vago-Ricambi-Citroen-AMI-4-1536x1024.jpg 1536w\" sizes=\"auto, (max-width: 2000px) 100vw, 2000px\" \/><\/div><\/div><\/div><\/div><\/div><\/div><\/section><section class=\"l-section wpb_row height_medium color_alternate with_shape\"><div class=\"l-section-shape type_custom pos_bottom\" style=\"height:50%;\"><svg xmlns=\"http:\/\/www.w3.org\/2000\/svg\" viewBox=\"0 0 64 8\" preserveAspectRatio=\"none\" width=\"100%\" height=\"100%\">\r\n\t<path fill=\"currentColor\" d=\"M64 8 L0 8 L0 0 L64 0 Z\"\/>\r\n<\/svg><\/div><div class=\"l-section-h i-cf\"><div class=\"g-cols vc_row via_grid cols_1 laptops-cols_inherit tablets-cols_inherit mobiles-cols_1 valign_middle type_default stacking_default\"><div class=\"wpb_column vc_column_container\"><div class=\"vc_column-inner\"><div class=\"wpb_text_column us_custom_7d520364\"><div class=\"wpb_wrapper\"><div style=\"width: 1440px;\" class=\"wp-video\"><video class=\"wp-video-shortcode\" id=\"video-9843-1\" width=\"1440\" height=\"612\" poster=\"https:\/\/autovago.it\/wp-content\/uploads\/2025\/09\/vago-Ricambi-Citroen-AMI-10.jpg\" preload=\"metadata\" controls=\"controls\"><source type=\"video\/mp4\" src=\"https:\/\/autovago.it\/wp-content\/uploads\/2025\/09\/vago-ricambi-citroen-ami-1.mp4?_=1\" \/><a href=\"https:\/\/autovago.it\/wp-content\/uploads\/2025\/09\/vago-ricambi-citroen-ami-1.mp4\">https:\/\/autovago.it\/wp-content\/uploads\/2025\/09\/vago-ricambi-citroen-ami-1.mp4<\/a><\/video><\/div>\n<\/div><\/div><\/div><\/div><\/div><\/div><\/section><section class=\"l-section wpb_row us_custom_60e9caca us_animate_this height_medium\"><div class=\"l-section-overlay\" style=\"background:#f2f4f5\"><\/div><div class=\"l-section-h i-cf\"><div class=\"g-cols vc_row via_grid cols_2-3 laptops-cols_inherit tablets-cols_1 mobiles-cols_1 valign_middle type_default stacking_default\" style=\"--columns-gap:5vw;\"><div class=\"wpb_column vc_column_container\"><div class=\"vc_column-inner\"><div class=\"w-image style_shadow-1 align_none\"><div class=\"w-image-h\"><img decoding=\"async\" width=\"689\" height=\"884\" src=\"https:\/\/autovago.it\/wp-content\/uploads\/2025\/09\/vago-Ricambi-Citroen-AMI-7.jpg\" class=\"attachment-full size-full\" alt=\"\" loading=\"lazy\" srcset=\"https:\/\/autovago.it\/wp-content\/uploads\/2025\/09\/vago-Ricambi-Citroen-AMI-7.jpg 689w, https:\/\/autovago.it\/wp-content\/uploads\/2025\/09\/vago-Ricambi-Citroen-AMI-7-234x300.jpg 234w\" sizes=\"auto, (max-width: 689px) 100vw, 689px\" \/><\/div><\/div><\/div><\/div><div class=\"wpb_column vc_column_container\"><div class=\"vc_column-inner\"><h3 class=\"w-text us_custom_9532b815 has_text_color\"><span class=\"w-text-h\"><span class=\"w-text-value\">Why Choose Vag\u00f2 for AM\u00cc Spare Parts<\/span><\/span><\/h3><div class=\"w-separator size_small\"><\/div><div class=\"wpb_text_column\"><div class=\"wpb_wrapper\"><p>For years, we have been a reference point in the microcar spare parts sector. With the introduction of new references dedicated to the AMI, we offer an even more complete range designed for industry professionals. Our goal is simple: to always provide the right solution quickly, backed by Vag\u00f2\u2019s expertise.<\/p>\n<\/div><\/div><div class=\"w-separator size_medium\"><\/div><h3 class=\"w-text us_custom_4f563c18 has_text_color\"><span class=\"w-text-h\"><span class=\"w-text-value\">Contact Us for the New AM\u00cc Codes<\/span><\/span><\/h3><div class=\"w-separator size_small\"><\/div><div class=\"wpb_text_column\"><div class=\"wpb_wrapper\"><p>Do you want to discover the full list of new spare part codes or check their availability?<br \/>\n<a href=\"https:\/\/autovago.it\/en\/become-a-reseller\/\">Contact<\/a> the Vag\u00f2 team now: we will provide all the information you need and the technical support to manage every request efficiently.<\/p>\n<\/div><\/div><\/div><\/div><\/div><\/div><\/section>\n","protected":false},"excerpt":{"rendered":"AM\u00cc SPARE PARTS AM\u00cc Spare Parts New References Available The AM\u00cc is an innovative electric microcar that is becoming increasingly popular in our cities. To meet the growing demand, Vag\u00f2 has expanded its catalog with new spare part codes dedicated to this model. AM\u00cc Spare Parts Always Available With Vag\u00f2\u2019s latest AM\u00cc additions, professionals can...","protected":false},"author":1,"featured_media":9773,"parent":0,"menu_order":0,"comment_status":"closed","ping_status":"closed","template":"","meta":{"content-type":"","iawp_total_views":81,"footnotes":""},"class_list":["post-9843","page","type-page","status-publish","has-post-thumbnail","hentry"],"yoast_head":"<!-- This site is optimized with the Yoast SEO plugin v27.2 - https:\/\/yoast.com\/product\/yoast-seo-wordpress\/ -->\n<title>AM\u00cc Spare Parts Available | New References from Vag\u00f2<\/title>\n<meta name=\"description\" content=\"Discover the new AM\u00cc spare parts from Vag\u00f2: reliable components, immediately available, with fast delivery across Europe and dedicated technical support.\" \/>\n<meta name=\"robots\" content=\"index, follow, max-snippet:-1, max-image-preview:large, max-video-preview:-1\" \/>\n<link rel=\"canonical\" href=\"https:\/\/autovago.it\/en\/ami-spare-parts\/\" \/>\n<meta property=\"og:locale\" content=\"en_US\" \/>\n<meta property=\"og:type\" content=\"article\" \/>\n<meta property=\"og:title\" content=\"AM\u00cc Spare Parts Available | New References from Vag\u00f2\" \/>\n<meta property=\"og:description\" content=\"Discover the new AM\u00cc spare parts from Vag\u00f2: reliable components, immediately available, with fast delivery across Europe and dedicated technical support.\" \/>\n<meta property=\"og:url\" content=\"https:\/\/autovago.it\/en\/ami-spare-parts\/\" \/>\n<meta property=\"og:site_name\" content=\"Vag\u00f2\" \/>\n<meta property=\"article:modified_time\" content=\"2025-09-09T06:27:37+00:00\" \/>\n<meta property=\"og:image\" content=\"https:\/\/autovago.it\/wp-content\/uploads\/2025\/09\/vago-Ricambi-Citroen-AMI-4.jpg\" \/>\n\t<meta property=\"og:image:width\" content=\"2000\" \/>\n\t<meta property=\"og:image:height\" content=\"1333\" \/>\n\t<meta property=\"og:image:type\" content=\"image\/jpeg\" \/>\n<meta name=\"twitter:card\" content=\"summary_large_image\" \/>\n<meta name=\"twitter:label1\" content=\"Est. reading time\" \/>\n\t<meta name=\"twitter:data1\" content=\"2 minutes\" \/>\n<script type=\"application\/ld+json\" class=\"yoast-schema-graph\">{\"@context\":\"https:\/\/schema.org\",\"@graph\":[{\"@type\":\"WebPage\",\"@id\":\"https:\/\/autovago.it\/en\/ami-spare-parts\/\",\"url\":\"https:\/\/autovago.it\/en\/ami-spare-parts\/\",\"name\":\"AM\u00cc Spare Parts Available | New References from Vag\u00f2\",\"isPartOf\":{\"@id\":\"https:\/\/autovago.it\/#website\"},\"primaryImageOfPage\":{\"@id\":\"https:\/\/autovago.it\/en\/ami-spare-parts\/#primaryimage\"},\"image\":{\"@id\":\"https:\/\/autovago.it\/en\/ami-spare-parts\/#primaryimage\"},\"thumbnailUrl\":\"https:\/\/autovago.it\/wp-content\/uploads\/2025\/09\/vago-Ricambi-Citroen-AMI-4.jpg\",\"datePublished\":\"2025-09-04T16:21:14+00:00\",\"dateModified\":\"2025-09-09T06:27:37+00:00\",\"description\":\"Discover the new AM\u00cc spare parts from Vag\u00f2: reliable components, immediately available, with fast delivery across Europe and dedicated technical support.\",\"breadcrumb\":{\"@id\":\"https:\/\/autovago.it\/en\/ami-spare-parts\/#breadcrumb\"},\"inLanguage\":\"en-US\",\"potentialAction\":[{\"@type\":\"ReadAction\",\"target\":[\"https:\/\/autovago.it\/en\/ami-spare-parts\/\"]}]},{\"@type\":\"ImageObject\",\"inLanguage\":\"en-US\",\"@id\":\"https:\/\/autovago.it\/en\/ami-spare-parts\/#primaryimage\",\"url\":\"https:\/\/autovago.it\/wp-content\/uploads\/2025\/09\/vago-Ricambi-Citroen-AMI-4.jpg\",\"contentUrl\":\"https:\/\/autovago.it\/wp-content\/uploads\/2025\/09\/vago-Ricambi-Citroen-AMI-4.jpg\",\"width\":2000,\"height\":1333},{\"@type\":\"BreadcrumbList\",\"@id\":\"https:\/\/autovago.it\/en\/ami-spare-parts\/#breadcrumb\",\"itemListElement\":[{\"@type\":\"ListItem\",\"position\":1,\"name\":\"Home\",\"item\":\"https:\/\/autovago.it\/en\/\"},{\"@type\":\"ListItem\",\"position\":2,\"name\":\"AM\u00cc Spare Parts\"}]},{\"@type\":\"WebSite\",\"@id\":\"https:\/\/autovago.it\/#website\",\"url\":\"https:\/\/autovago.it\/\",\"name\":\"Vag\u00f2 - Auto Parts Expert\",\"description\":\"Auto Parts Expert\",\"publisher\":{\"@id\":\"https:\/\/autovago.it\/#organization\"},\"potentialAction\":[{\"@type\":\"SearchAction\",\"target\":{\"@type\":\"EntryPoint\",\"urlTemplate\":\"https:\/\/autovago.it\/?s={search_term_string}\"},\"query-input\":{\"@type\":\"PropertyValueSpecification\",\"valueRequired\":true,\"valueName\":\"search_term_string\"}}],\"inLanguage\":\"en-US\"},{\"@type\":\"Organization\",\"@id\":\"https:\/\/autovago.it\/#organization\",\"name\":\"Vag\u00f2\",\"url\":\"https:\/\/autovago.it\/\",\"logo\":{\"@type\":\"ImageObject\",\"inLanguage\":\"en-US\",\"@id\":\"https:\/\/autovago.it\/#\/schema\/logo\/image\/\",\"url\":\"https:\/\/autovago.it\/wp-content\/uploads\/2024\/03\/auto-Vago-logo.png\",\"contentUrl\":\"https:\/\/autovago.it\/wp-content\/uploads\/2024\/03\/auto-Vago-logo.png\",\"width\":3000,\"height\":1513,\"caption\":\"Vag\u00f2\"},\"image\":{\"@id\":\"https:\/\/autovago.it\/#\/schema\/logo\/image\/\"}}]}<\/script>\n<!-- \/ Yoast SEO plugin. -->","yoast_head_json":{"title":"AM\u00cc Spare Parts Available | New References from Vag\u00f2","description":"Discover the new AM\u00cc spare parts from Vag\u00f2: reliable components, immediately available, with fast delivery across Europe and dedicated technical support.","robots":{"index":"index","follow":"follow","max-snippet":"max-snippet:-1","max-image-preview":"max-image-preview:large","max-video-preview":"max-video-preview:-1"},"canonical":"https:\/\/autovago.it\/en\/ami-spare-parts\/","og_locale":"en_US","og_type":"article","og_title":"AM\u00cc Spare Parts Available | New References from Vag\u00f2","og_description":"Discover the new AM\u00cc spare parts from Vag\u00f2: reliable components, immediately available, with fast delivery across Europe and dedicated technical support.","og_url":"https:\/\/autovago.it\/en\/ami-spare-parts\/","og_site_name":"Vag\u00f2","article_modified_time":"2025-09-09T06:27:37+00:00","og_image":[{"width":2000,"height":1333,"url":"https:\/\/autovago.it\/wp-content\/uploads\/2025\/09\/vago-Ricambi-Citroen-AMI-4.jpg","type":"image\/jpeg"}],"twitter_card":"summary_large_image","twitter_misc":{"Est. reading time":"2 minutes"},"schema":{"@context":"https:\/\/schema.org","@graph":[{"@type":"WebPage","@id":"https:\/\/autovago.it\/en\/ami-spare-parts\/","url":"https:\/\/autovago.it\/en\/ami-spare-parts\/","name":"AM\u00cc Spare Parts Available | New References from Vag\u00f2","isPartOf":{"@id":"https:\/\/autovago.it\/#website"},"primaryImageOfPage":{"@id":"https:\/\/autovago.it\/en\/ami-spare-parts\/#primaryimage"},"image":{"@id":"https:\/\/autovago.it\/en\/ami-spare-parts\/#primaryimage"},"thumbnailUrl":"https:\/\/autovago.it\/wp-content\/uploads\/2025\/09\/vago-Ricambi-Citroen-AMI-4.jpg","datePublished":"2025-09-04T16:21:14+00:00","dateModified":"2025-09-09T06:27:37+00:00","description":"Discover the new AM\u00cc spare parts from Vag\u00f2: reliable components, immediately available, with fast delivery across Europe and dedicated technical support.","breadcrumb":{"@id":"https:\/\/autovago.it\/en\/ami-spare-parts\/#breadcrumb"},"inLanguage":"en-US","potentialAction":[{"@type":"ReadAction","target":["https:\/\/autovago.it\/en\/ami-spare-parts\/"]}]},{"@type":"ImageObject","inLanguage":"en-US","@id":"https:\/\/autovago.it\/en\/ami-spare-parts\/#primaryimage","url":"https:\/\/autovago.it\/wp-content\/uploads\/2025\/09\/vago-Ricambi-Citroen-AMI-4.jpg","contentUrl":"https:\/\/autovago.it\/wp-content\/uploads\/2025\/09\/vago-Ricambi-Citroen-AMI-4.jpg","width":2000,"height":1333},{"@type":"BreadcrumbList","@id":"https:\/\/autovago.it\/en\/ami-spare-parts\/#breadcrumb","itemListElement":[{"@type":"ListItem","position":1,"name":"Home","item":"https:\/\/autovago.it\/en\/"},{"@type":"ListItem","position":2,"name":"AM\u00cc Spare Parts"}]},{"@type":"WebSite","@id":"https:\/\/autovago.it\/#website","url":"https:\/\/autovago.it\/","name":"Vag\u00f2 - Auto Parts Expert","description":"Auto Parts Expert","publisher":{"@id":"https:\/\/autovago.it\/#organization"},"potentialAction":[{"@type":"SearchAction","target":{"@type":"EntryPoint","urlTemplate":"https:\/\/autovago.it\/?s={search_term_string}"},"query-input":{"@type":"PropertyValueSpecification","valueRequired":true,"valueName":"search_term_string"}}],"inLanguage":"en-US"},{"@type":"Organization","@id":"https:\/\/autovago.it\/#organization","name":"Vag\u00f2","url":"https:\/\/autovago.it\/","logo":{"@type":"ImageObject","inLanguage":"en-US","@id":"https:\/\/autovago.it\/#\/schema\/logo\/image\/","url":"https:\/\/autovago.it\/wp-content\/uploads\/2024\/03\/auto-Vago-logo.png","contentUrl":"https:\/\/autovago.it\/wp-content\/uploads\/2024\/03\/auto-Vago-logo.png","width":3000,"height":1513,"caption":"Vag\u00f2"},"image":{"@id":"https:\/\/autovago.it\/#\/schema\/logo\/image\/"}}]}},"_links":{"self":[{"href":"https:\/\/autovago.it\/en\/wp-json\/wp\/v2\/pages\/9843","targetHints":{"allow":["GET"]}}],"collection":[{"href":"https:\/\/autovago.it\/en\/wp-json\/wp\/v2\/pages"}],"about":[{"href":"https:\/\/autovago.it\/en\/wp-json\/wp\/v2\/types\/page"}],"author":[{"embeddable":true,"href":"https:\/\/autovago.it\/en\/wp-json\/wp\/v2\/users\/1"}],"replies":[{"embeddable":true,"href":"https:\/\/autovago.it\/en\/wp-json\/wp\/v2\/comments?post=9843"}],"version-history":[{"count":7,"href":"https:\/\/autovago.it\/en\/wp-json\/wp\/v2\/pages\/9843\/revisions"}],"predecessor-version":[{"id":9870,"href":"https:\/\/autovago.it\/en\/wp-json\/wp\/v2\/pages\/9843\/revisions\/9870"}],"wp:featuredmedia":[{"embeddable":true,"href":"https:\/\/autovago.it\/en\/wp-json\/wp\/v2\/media\/9773"}],"wp:attachment":[{"href":"https:\/\/autovago.it\/en\/wp-json\/wp\/v2\/media?parent=9843"}],"curies":[{"name":"wp","href":"https:\/\/api.w.org\/{rel}","templated":true}]}}